{"id":1820,"date":"2019-01-08T16:27:15","date_gmt":"2019-01-08T16:27:15","guid":{"rendered":"https:\/\/nyirilaw.hu\/nachrichten\/"},"modified":"2023-02-22T13:48:02","modified_gmt":"2023-02-22T13:48:02","slug":"nachrichten","status":"publish","type":"page","link":"https:\/\/nyirilaw.hu\/de\/nachrichten\/","title":{"rendered":"Nachrichten"},"content":{"rendered":"<div class=\"fusion-fullwidth fullwidth-box hundred-percent-fullwidth non-hundred-percent-height-scrolling\"  style='background-color: rgba(255,255,255,0);background-position: left top;background-repeat: no-repeat;'><div class=\"fusion-builder-row fusion-row \"><div  class=\"fusion-layout-column fusion_builder_column fusion_builder_column_1_3  fusion-one-third fusion-column-first 1_3\"  style='margin-top:0px;margin-bottom:20px;width:33.33%;width:calc(33.33% - ( ( 4% ) * 0.3333 ) );margin-right: 4%;'>\n\t\t\t\t\t<div class=\"fusion-column-wrapper\" style=\"padding: 0px 0px 0px 0px;background-position:left top;background-repeat:no-repeat;-webkit-background-size:cover;-moz-background-size:cover;-o-background-size:cover;background-size:cover;\"  data-bg-url=\"\">\n\t\t\t\t\t\t<div class=\"fusion-clearfix\"><\/div>\n\n\t\t\t\t\t<\/div>\n\t\t\t\t<\/div><div  class=\"fusion-layout-column fusion_builder_column fusion_builder_column_2_3  fusion-two-third fusion-column-last fusion-blend-mode 2_3\"  style='margin-top:0px;margin-bottom:0px;width:66.66%;width:calc(66.66% - ( ( 4% ) * 0.6666 ) );'>\n\t\t\t\t\t<div class=\"fusion-column-wrapper\" style=\"background-color:rgba(43,59,79,0.9);padding: 3rem 3rem 3rem 3rem;background-position:left top;background-repeat:no-repeat;-webkit-background-size:cover;-moz-background-size:cover;-o-background-size:cover;background-size:cover;\"  data-bg-url=\"\">\n\t\t\t\t\t\t<div class=\"fusion-title title fusion-sep-none fusion-title-size-two\" style=\"margin-top:0px;margin-bottom:0px;\"><h2 class=\"title-heading-left\">Aktualit\u00e4ten<\/h2><\/div><div class=\"fusion-sep-clear\"><\/div><div class=\"fusion-separator sep-single sep-solid\" style=\"border-color:#e2c280;border-top-width:3px;margin-top:1rem;margin-bottom:1rem;width:100%;max-width:10%;\"><\/div><div class=\"fusion-sep-clear\"><\/div><div class=\"fusion-separator fusion-full-width-sep sep-none\" style=\"margin-left: auto;margin-right: auto;margin-top:1rem;margin-bottom:1rem;\"><\/div><div class=\"fusion-recent-posts fusion-recent-posts-1 avada-container layout-thumbnails-on-side layout-columns-1\"><section class=\"fusion-columns columns fusion-columns-1 columns-1\"><article class=\"post fusion-column column col col-lg-12 col-md-12 col-sm-12 fusion-animated\" data-animationType=\"slideInLeft\" data-animationDuration=\"0.3\" data-animationOffset=\"100%\"><div class=\"fusion-flexslider flexslider floated-slideshow flexslider-hover-type-zoomin\"><ul class=\"slides\"><li><a href=\"https:\/\/nyirilaw.hu\/de\/auslaendische-bieter-bei-oeffentlichen-auftragsvergaben-in-ungarn\/\" class=\"hover-type-zoomin\" aria-label=\"Ausl\u00e4ndische bieter bei \u00f6ffentlichen auftragsvergaben in Ungarn\"><img decoding=\"async\" src=\"https:\/\/nyirilaw.hu\/wp-content\/uploads\/2023\/02\/pexels-pavel-danilyuk-8112172-177x142.jpg\" alt=\"\" \/><\/a><\/li><\/ul><\/div><div class=\"recent-posts-content\"><span class=\"vcard\" style=\"display: none;\"><span class=\"fn\"><a href=\"https:\/\/nyirilaw.hu\/de\/author\/netwerk\/\" title=\"Beitr\u00e4ge von netwerk\" rel=\"author\">netwerk<\/a><\/span><\/span><span class=\"updated\" style=\"display:none;\">2023-02-22T14:03:25+00:00<\/span><h4 class=\"entry-title\"><a href=\"https:\/\/nyirilaw.hu\/de\/auslaendische-bieter-bei-oeffentlichen-auftragsvergaben-in-ungarn\/\">Ausl\u00e4ndische bieter bei \u00f6ffentlichen auftragsvergaben in Ungarn<\/a><\/h4><p class=\"meta\"><span class=\"vcard\" style=\"display: none;\"><span class=\"fn\"><a href=\"https:\/\/nyirilaw.hu\/de\/author\/netwerk\/\" title=\"Beitr\u00e4ge von netwerk\" rel=\"author\">netwerk<\/a><\/span><\/span><span class=\"updated\" style=\"display:none;\">2023-02-22T14:03:25+00:00<\/span><\/p><p>Jedes Jahr gewinnen ausl\u00e4ndische Unternehmen \u00f6ffentliche Auftr\u00e4ge vom erheblichen Wert in Ungarn, die in der Regel hochwertige Bauprojekte sind. Hinsichtlich dieser Bauinvestitionen kann man sagen, dass die Gewinnrate der ausl\u00e4ndischen [...]<\/p><\/div><\/article><article class=\"post fusion-column column col col-lg-12 col-md-12 col-sm-12 fusion-animated\" data-animationType=\"slideInLeft\" data-animationDuration=\"0.3\" data-animationOffset=\"100%\"><div class=\"fusion-flexslider flexslider floated-slideshow flexslider-hover-type-zoomin\"><ul class=\"slides\"><li><a href=\"https:\/\/nyirilaw.hu\/de\/die-nutzung-eines-whistleblower-systems\/\" class=\"hover-type-zoomin\" aria-label=\"Die nutzung eines whistleblower-systems\"><img decoding=\"async\" src=\"https:\/\/nyirilaw.hu\/wp-content\/uploads\/2023\/02\/pexels-pixabay-60504-177x142.jpg\" alt=\"\" \/><\/a><\/li><\/ul><\/div><div class=\"recent-posts-content\"><span class=\"vcard\" style=\"display: none;\"><span class=\"fn\"><a href=\"https:\/\/nyirilaw.hu\/de\/author\/netwerk\/\" title=\"Beitr\u00e4ge von netwerk\" rel=\"author\">netwerk<\/a><\/span><\/span><span class=\"updated\" style=\"display:none;\">2023-02-22T14:00:22+00:00<\/span><h4 class=\"entry-title\"><a href=\"https:\/\/nyirilaw.hu\/de\/die-nutzung-eines-whistleblower-systems\/\">Die nutzung eines whistleblower-systems<\/a><\/h4><p class=\"meta\"><span class=\"vcard\" style=\"display: none;\"><span class=\"fn\"><a href=\"https:\/\/nyirilaw.hu\/de\/author\/netwerk\/\" title=\"Beitr\u00e4ge von netwerk\" rel=\"author\">netwerk<\/a><\/span><\/span><span class=\"updated\" style=\"display:none;\">2023-02-22T14:00:22+00:00<\/span><\/p><p>Ein Whistleblowing-System ist ein innerhalb einer Organisation funktionierende System, das den Arbeitnehmer der Gesellschaft und auch anderen Beteiligten (z.B. Lieferanten, Kunden, sonstigen Dienstleistern usw.) zur Verf\u00fcgung steht. \u00dcber diese Plattform [...]<\/p><\/div><\/article><article class=\"post fusion-column column col col-lg-12 col-md-12 col-sm-12 fusion-animated\" data-animationType=\"slideInLeft\" data-animationDuration=\"0.3\" data-animationOffset=\"100%\"><div class=\"fusion-flexslider flexslider floated-slideshow flexslider-hover-type-zoomin\"><ul class=\"slides\"><li><a href=\"https:\/\/nyirilaw.hu\/de\/ungarn-die-niedrigste-koerperschastssteuerbewertung-in-der-europaeischen-union\/\" class=\"hover-type-zoomin\" aria-label=\"Ungarn \u2013 die niedrigste K\u00f6rperschastssteuerbewertung in der Europ\u00e4ischen Union\"><img decoding=\"async\" src=\"https:\/\/nyirilaw.hu\/wp-content\/uploads\/2019\/04\/taxes_0415-177x142.jpg\" alt=\"\" \/><\/a><\/li><\/ul><\/div><div class=\"recent-posts-content\"><span class=\"vcard\" style=\"display: none;\"><span class=\"fn\"><a href=\"https:\/\/nyirilaw.hu\/de\/author\/nyiriszerkeszto\/\" title=\"Beitr\u00e4ge von nyiriszerkeszto\" rel=\"author\">nyiriszerkeszto<\/a><\/span><\/span><span class=\"updated\" style=\"display:none;\">2019-04-16T13:31:31+00:00<\/span><h4 class=\"entry-title\"><a href=\"https:\/\/nyirilaw.hu\/de\/ungarn-die-niedrigste-koerperschastssteuerbewertung-in-der-europaeischen-union\/\">Ungarn \u2013 die niedrigste K\u00f6rperschastssteuerbewertung in der Europ\u00e4ischen Union<\/a><\/h4><p class=\"meta\"><span class=\"vcard\" style=\"display: none;\"><span class=\"fn\"><a href=\"https:\/\/nyirilaw.hu\/de\/author\/nyiriszerkeszto\/\" title=\"Beitr\u00e4ge von nyiriszerkeszto\" rel=\"author\">nyiriszerkeszto<\/a><\/span><\/span><span class=\"updated\" style=\"display:none;\">2019-04-16T13:31:31+00:00<\/span><\/p><p>Ungarn hat sich in den letzten Jahren zu einem der g\u00fcnstigsten Orte f\u00fcr Unternehmensgr\u00fcndungen entwickelt, da die Regierung die K\u00f6rperschaftssteuerrate ab Januar 2017 auf die niedrigste H\u00f6he in der EU [...]<\/p><\/div><\/article><article class=\"post fusion-column column col col-lg-12 col-md-12 col-sm-12 fusion-animated\" data-animationType=\"slideInLeft\" data-animationDuration=\"0.3\" data-animationOffset=\"100%\"><div class=\"fusion-flexslider flexslider floated-slideshow flexslider-hover-type-zoomin\"><ul class=\"slides\"><li><a href=\"https:\/\/nyirilaw.hu\/de\/immobilienboom-in-budapest\/\" class=\"hover-type-zoomin\" aria-label=\"Immobilienboom in Budapest\"><img decoding=\"async\" src=\"https:\/\/nyirilaw.hu\/wp-content\/uploads\/2019\/02\/Property-boom_NyiriLaw-177x142.png\" alt=\"\" \/><\/a><\/li><\/ul><\/div><div class=\"recent-posts-content\"><span class=\"vcard\" style=\"display: none;\"><span class=\"fn\"><a href=\"https:\/\/nyirilaw.hu\/de\/author\/viktor\/\" title=\"Beitr\u00e4ge von viktor\" rel=\"author\">viktor<\/a><\/span><\/span><span class=\"updated\" style=\"display:none;\">2019-02-15T12:26:47+00:00<\/span><h4 class=\"entry-title\"><a href=\"https:\/\/nyirilaw.hu\/de\/immobilienboom-in-budapest\/\">Immobilienboom in Budapest<\/a><\/h4><p class=\"meta\"><span class=\"vcard\" style=\"display: none;\"><span class=\"fn\"><a href=\"https:\/\/nyirilaw.hu\/de\/author\/viktor\/\" title=\"Beitr\u00e4ge von viktor\" rel=\"author\">viktor<\/a><\/span><\/span><span class=\"updated\" style=\"display:none;\">2019-02-15T12:26:47+00:00<\/span><\/p><p>Gem\u00e4\u00df dem Bericht des Immobiliendienstleistungs-Unternehmen Knight Frank zeigt Budapest das h\u00f6chste Immobilienpreiswachstum in den vergangenen 12 Monaten. Das Wachstum belief sich auf 19 % von Q3 2017 bis Q3 2018. [...]<\/p><\/div><\/article><article class=\"post fusion-column column col col-lg-12 col-md-12 col-sm-12 fusion-animated\" data-animationType=\"slideInLeft\" data-animationDuration=\"0.3\" data-animationOffset=\"100%\"><div class=\"fusion-flexslider flexslider floated-slideshow flexslider-hover-type-zoomin\"><ul class=\"slides\"><li><a href=\"https:\/\/nyirilaw.hu\/de\/anderungen-in-den-voraussetzungen-der-wahlbarkeit-der-kiva-kleinunternehmensteuer\/\" class=\"hover-type-zoomin\" aria-label=\"\u00c4nderungen in den Voraussetzungen der W\u00e4hlbarkeit der KIVA (Kleinunternehmensteuer)\"><img decoding=\"async\" src=\"https:\/\/nyirilaw.hu\/wp-content\/uploads\/2018\/12\/pexels-photo-209224-e1547049727205-177x142.jpeg\" alt=\"\" \/><\/a><\/li><\/ul><\/div><div class=\"recent-posts-content\"><span class=\"vcard\" style=\"display: none;\"><span class=\"fn\"><a href=\"https:\/\/nyirilaw.hu\/de\/author\/tzs007\/\" title=\"Beitr\u00e4ge von tzs007\" rel=\"author\">tzs007<\/a><\/span><\/span><span class=\"updated\" style=\"display:none;\">2019-01-09T16:02:29+00:00<\/span><h4 class=\"entry-title\"><a href=\"https:\/\/nyirilaw.hu\/de\/anderungen-in-den-voraussetzungen-der-wahlbarkeit-der-kiva-kleinunternehmensteuer\/\">\u00c4nderungen in den Voraussetzungen der W\u00e4hlbarkeit der KIVA (Kleinunternehmensteuer)<\/a><\/h4><p class=\"meta\"><span class=\"vcard\" style=\"display: none;\"><span class=\"fn\"><a href=\"https:\/\/nyirilaw.hu\/de\/author\/tzs007\/\" title=\"Beitr\u00e4ge von tzs007\" rel=\"author\">tzs007<\/a><\/span><\/span><span class=\"updated\" style=\"display:none;\">2019-01-09T16:02:29+00:00<\/span><\/p><p>Das Gesetz Nr. XLI von 2018 \u00fcber die \u00c4nderung einzelner Steuergesetze und anderer diesbez\u00fcglicher Gesetze sowie \u00fcber die Einwanderungs-Sondersteuer hat die Voraussetzungen der W\u00e4hlbarkeit der KIVA mit Wirkung vom 01. [...]<\/p><\/div><\/article><article class=\"post fusion-column column col col-lg-12 col-md-12 col-sm-12 fusion-animated\" data-animationType=\"slideInLeft\" data-animationDuration=\"0.3\" data-animationOffset=\"100%\"><div class=\"fusion-flexslider flexslider floated-slideshow flexslider-hover-type-zoomin\"><ul class=\"slides\"><li><a href=\"https:\/\/nyirilaw.hu\/de\/organschaft\/\" class=\"hover-type-zoomin\" aria-label=\"Organschaft\"><img decoding=\"async\" src=\"https:\/\/nyirilaw.hu\/wp-content\/uploads\/2015\/07\/csop-adoalanyisag-177x142.jpeg\" alt=\"\" \/><\/a><\/li><\/ul><\/div><div class=\"recent-posts-content\"><span class=\"vcard\" style=\"display: none;\"><span class=\"fn\"><a href=\"https:\/\/nyirilaw.hu\/de\/author\/tzs007\/\" title=\"Beitr\u00e4ge von tzs007\" rel=\"author\">tzs007<\/a><\/span><\/span><span class=\"updated\" style=\"display:none;\">2019-01-09T15:02:45+00:00<\/span><h4 class=\"entry-title\"><a href=\"https:\/\/nyirilaw.hu\/de\/organschaft\/\">Organschaft<\/a><\/h4><p class=\"meta\"><span class=\"vcard\" style=\"display: none;\"><span class=\"fn\"><a href=\"https:\/\/nyirilaw.hu\/de\/author\/tzs007\/\" title=\"Beitr\u00e4ge von tzs007\" rel=\"author\">tzs007<\/a><\/span><\/span><span class=\"updated\" style=\"display:none;\">2019-01-09T15:02:45+00:00<\/span><\/p><p>Am 13. November 2018 hat das Parlament die ab dem 1. Januar 2019 g\u00fcltige \u00c4nderung des K\u00f6rperschaftsteuergesetzes&nbsp; angenommen, gem\u00e4\u00df deren mindestens durch zwei Gesellschaften gegr\u00fcndeten k\u00f6rperschaftsteuerliche Organschaft als gebietsans\u00e4ssige Steuerpflichtige [...]<\/p><\/div><\/article><article class=\"post fusion-column column col col-lg-12 col-md-12 col-sm-12 fusion-animated\" data-animationType=\"slideInLeft\" data-animationDuration=\"0.3\" data-animationOffset=\"100%\"><div class=\"fusion-flexslider flexslider floated-slideshow flexslider-hover-type-zoomin\"><ul class=\"slides\"><li><a href=\"https:\/\/nyirilaw.hu\/de\/elektronisches-vergabesystem-ekr-registrierung\/\" class=\"hover-type-zoomin\" aria-label=\"Elektronisches Vergabesystem (EKR) Registrierung\"><img decoding=\"async\" src=\"https:\/\/nyirilaw.hu\/wp-content\/uploads\/2015\/07\/ekr-177x142.jpg\" alt=\"\" \/><\/a><\/li><\/ul><\/div><div class=\"recent-posts-content\"><span class=\"vcard\" style=\"display: none;\"><span class=\"fn\"><a href=\"https:\/\/nyirilaw.hu\/de\/author\/tzs007\/\" title=\"Beitr\u00e4ge von tzs007\" rel=\"author\">tzs007<\/a><\/span><\/span><span class=\"updated\" style=\"display:none;\">2019-01-09T15:03:06+00:00<\/span><h4 class=\"entry-title\"><a href=\"https:\/\/nyirilaw.hu\/de\/elektronisches-vergabesystem-ekr-registrierung\/\">Elektronisches Vergabesystem (EKR) Registrierung<\/a><\/h4><p class=\"meta\"><span class=\"vcard\" style=\"display: none;\"><span class=\"fn\"><a href=\"https:\/\/nyirilaw.hu\/de\/author\/tzs007\/\" title=\"Beitr\u00e4ge von tzs007\" rel=\"author\">tzs007<\/a><\/span><\/span><span class=\"updated\" style=\"display:none;\">2019-01-09T15:03:06+00:00<\/span><\/p><p>Ab dem 15. April 2018 \u2013 ab der obligatorischen Einf\u00fchrung des EKRs \u2013 sind nur die \u00fcber eine im EKR genehmigte Registrierung verf\u00fcgenden Auftraggeber berechtigt, ein \u00f6ffentliches Beschaffungs-\/Konzessions-\/ gem\u00e4\u00df \u00a7 [...]<\/p><\/div><\/article><article class=\"post fusion-column column col col-lg-12 col-md-12 col-sm-12 fusion-animated\" data-animationType=\"slideInLeft\" data-animationDuration=\"0.3\" data-animationOffset=\"100%\"><div class=\"fusion-flexslider flexslider floated-slideshow flexslider-hover-type-zoomin\"><ul class=\"slides\"><li><a href=\"https:\/\/nyirilaw.hu\/de\/reformen-in-den-beschaftigung-der-rentner-im-arbeitsverhaltnis\/\" class=\"hover-type-zoomin\" aria-label=\"Reformen in den Besch\u00e4ftigung der Rentner im Arbeitsverh\u00e4ltnis\"><img decoding=\"async\" src=\"https:\/\/nyirilaw.hu\/wp-content\/uploads\/2015\/07\/nyugdijas-1-177x142.jpeg\" alt=\"\" \/><\/a><\/li><\/ul><\/div><div class=\"recent-posts-content\"><span class=\"vcard\" style=\"display: none;\"><span class=\"fn\"><a href=\"https:\/\/nyirilaw.hu\/de\/author\/tzs007\/\" title=\"Beitr\u00e4ge von tzs007\" rel=\"author\">tzs007<\/a><\/span><\/span><span class=\"updated\" style=\"display:none;\">2019-01-09T15:03:34+00:00<\/span><h4 class=\"entry-title\"><a href=\"https:\/\/nyirilaw.hu\/de\/reformen-in-den-beschaftigung-der-rentner-im-arbeitsverhaltnis\/\">Reformen in den Besch\u00e4ftigung der Rentner im Arbeitsverh\u00e4ltnis<\/a><\/h4><p class=\"meta\"><span class=\"vcard\" style=\"display: none;\"><span class=\"fn\"><a href=\"https:\/\/nyirilaw.hu\/de\/author\/tzs007\/\" title=\"Beitr\u00e4ge von tzs007\" rel=\"author\">tzs007<\/a><\/span><\/span><span class=\"updated\" style=\"display:none;\">2019-01-09T15:03:34+00:00<\/span><\/p><p>Die f\u00fcr 2019 geplanten \u00c4nderungen beziehen sich vor allem auf die Lasten der Besch\u00e4ftigung der Rentner im gem\u00e4\u00df dem ungarischen Arbeitsgesetzbuch bestimmten Arbeitsverh\u00e4ltnis. Nach Absicht des Gesetzgebers wird aus dem [...]<\/p><\/div><\/article><\/section><\/div><div class=\"fusion-clearfix\"><\/div>\n\n\t\t\t\t\t<\/div>\n\t\t\t\t<\/div><\/div><\/div>\n","protected":false},"excerpt":{"rendered":"","protected":false},"author":1,"featured_media":0,"parent":0,"menu_order":0,"comment_status":"closed","ping_status":"closed","template":"100-width.php","meta":{"footnotes":""},"_links":{"self":[{"href":"https:\/\/nyirilaw.hu\/de\/wp-json\/wp\/v2\/pages\/1820"}],"collection":[{"href":"https:\/\/nyirilaw.hu\/de\/wp-json\/wp\/v2\/pages"}],"about":[{"href":"https:\/\/nyirilaw.hu\/de\/wp-json\/wp\/v2\/types\/page"}],"author":[{"embeddable":true,"href":"https:\/\/nyirilaw.hu\/de\/wp-json\/wp\/v2\/users\/1"}],"replies":[{"embeddable":true,"href":"https:\/\/nyirilaw.hu\/de\/wp-json\/wp\/v2\/comments?post=1820"}],"version-history":[{"count":3,"href":"https:\/\/nyirilaw.hu\/de\/wp-json\/wp\/v2\/pages\/1820\/revisions"}],"predecessor-version":[{"id":2297,"href":"https:\/\/nyirilaw.hu\/de\/wp-json\/wp\/v2\/pages\/1820\/revisions\/2297"}],"wp:attachment":[{"href":"https:\/\/nyirilaw.hu\/de\/wp-json\/wp\/v2\/media?parent=1820"}],"curies":[{"name":"wp","href":"https:\/\/api.w.org\/{rel}","templated":true}]}}