{"id":1851,"date":"2019-01-09T11:26:48","date_gmt":"2019-01-09T11:26:48","guid":{"rendered":"https:\/\/nyirilaw.hu\/fachbereich\/rechtsanwaltstatigkeit\/"},"modified":"2019-01-09T11:26:49","modified_gmt":"2019-01-09T11:26:49","slug":"rechtsanwaltstatigkeit","status":"publish","type":"page","link":"https:\/\/nyirilaw.hu\/de\/fachbereich\/rechtsanwaltstatigkeit\/","title":{"rendered":"Rechtsanwaltst\u00e4tigkeit"},"content":{"rendered":"<div class=\"fusion-fullwidth fullwidth-box hundred-percent-fullwidth non-hundred-percent-height-scrolling\"  style='background-color: rgba(255,255,255,0);background-position: left top;background-repeat: no-repeat;'><div class=\"fusion-builder-row fusion-row \"><div  class=\"fusion-layout-column fusion_builder_column fusion_builder_column_1_3  fusion-one-third fusion-column-first 1_3\"  style='margin-top:0px;margin-bottom:20px;width:33.33%;width:calc(33.33% - ( ( 4% ) * 0.3333 ) );margin-right: 4%;'>\n\t\t\t\t\t<div class=\"fusion-column-wrapper\" style=\"padding: 0px 0px 0px 0px;background-position:left top;background-repeat:no-repeat;-webkit-background-size:cover;-moz-background-size:cover;-o-background-size:cover;background-size:cover;\"  data-bg-url=\"\">\n\t\t\t\t\t\t<div class=\"fusion-clearfix\"><\/div>\n\n\t\t\t\t\t<\/div>\n\t\t\t\t<\/div><div  class=\"fusion-layout-column fusion_builder_column fusion_builder_column_2_3  fusion-two-third fusion-column-last fusion-blend-mode 2_3\"  style='margin-top:0px;margin-bottom:0px;width:66.66%;width:calc(66.66% - ( ( 4% ) * 0.6666 ) );'>\n\t\t\t\t\t<div class=\"fusion-column-wrapper\" style=\"background-color:rgba(43,59,79,0.9);padding: 3rem 3rem 3rem 3rem;background-position:left top;background-repeat:no-repeat;-webkit-background-size:cover;-moz-background-size:cover;-o-background-size:cover;background-size:cover;\"  data-bg-url=\"\">\n\t\t\t\t\t\t<div class=\"fusion-title title fusion-sep-none fusion-title-size-two\" style=\"margin-top:0px;margin-bottom:0px;\"><h2 class=\"title-heading-left\">Rechtsanwaltst\u00e4tigkeit<\/h2><\/div><div class=\"fusion-sep-clear\"><\/div><div class=\"fusion-separator sep-single sep-solid\" style=\"border-color:#e2c280;border-top-width:3px;margin-top:1rem;margin-bottom:1rem;width:100%;max-width:10%;\"><\/div><div class=\"fusion-text\"><p><span style=\"font-weight: 400;\">Die Fachkenntnisse und Facherfahrung unserer Kanzlei umfassen fast alle Bereiche des Wirtschaftsrechts. Dadurch erbringen wir unseren Mandanten komplexe Rechtsberatung, wobei wir die gesch\u00e4ftlichen-strategischen Ziele unserer Mandanten in Betracht ziehen. Unsere Rechtsanwaltskanzlei verf\u00fcgt \u00fcber erhebliches Fachwissen und Erfahrungen in den folgenden hervorgehobenen Fachbereichen.<\/span><\/p>\n<\/div><div class=\"fusion-sep-clear\"><\/div><div class=\"fusion-separator fusion-full-width-sep sep-double\" style=\"border-color:rgba(62,62,62,0);border-top-width:0px;border-bottom-width:0px;margin-left: auto;margin-right: auto;margin-top:1rem;margin-bottom:1rem;\"><\/div><style type=\"text\/css\" scoped=\"scoped\">.fusion-accordian  #accordion-1851-1 .panel-title a .fa-fusion-box{ color: #ffffff;}.fusion-accordian  #accordion-1851-1 .panel-title a .fa-fusion-box:before{ font-size: 13px; width: 13px;}.fusion-accordian  #accordion-1851-1 .panel-title a{font-size:1.12rem;}.fusion-accordian  #accordion-1851-1 .fa-fusion-box { background-color: #1f2c3f;border-color: #1f2c3f;}.fusion-accordian  #accordion-1851-1 .panel-title a:hover, #accordion-1851-1 .fusion-toggle-boxed-mode:hover .panel-title a { color: #e2c280;}.fusion-accordian  #accordion-1851-1 .panel-title .active .fa-fusion-box,.fusion-accordian  #accordion-1851-1 .panel-title a:hover .fa-fusion-box { background-color: #e2c280!important;border-color: #e2c280!important;}<\/style><div class=\"accordian fusion-accordian\"><div class=\"panel-group\" id=\"accordion-1851-1\"><div class=\"fusion-panel panel-default\"><div class=\"panel-heading\"><h4 class=\"panel-title toggle\"><a class=\"active\" data-toggle=\"collapse\" data-parent=\"#accordion-1851-1\" data-target=\"#64279865087760994\" href=\"#64279865087760994\"><div class=\"fusion-toggle-icon-wrapper\"><i class=\"fa-fusion-box\"><\/i><\/div><div class=\"fusion-toggle-heading\">Zivilrecht<\/div><\/a><\/h4><\/div><div id=\"64279865087760994\" class=\"panel-collapse collapse in\"><div class=\"panel-body toggle-content fusion-clearfix\">\n<p><span style=\"font-weight: 400;\">Die Rechtsanwaltskanzlei Nyiri erbracht Ihnen im Bereich Zivilrecht komplexe Rechtsberatung auf hohem professionellem Niveau. Wir erstellen und modifizieren Ihre Vertr\u00e4ge, und \u00a0hinsichtlich der durch andere Personen angefertigten Vertr\u00e4ge unterst\u00fctzen wir Sie durch unser professionelles Gutachten, damit Ihre Rechte und Verpflichtungen im betreffenden Rechtsverh\u00e4ltnis angemessen durchgesetzt werden. W\u00e4hrend der sorgf\u00e4ltigen, begr\u00fcndeten und umsichtigen Dienstleisung und Information helfen wir Ihnen bei der Geltendmachung Ihrer Forderungen, Gew\u00e4hrleistungs- und Schadenersatzanspr\u00fcche, auch bzgl. des gesamten Bereichs des Zivilrechts stehen wir Ihnen im Rahmen der Rechtsberatung gerne zur Verf\u00fcgung.<\/span><\/p>\n<\/div><\/div><\/div><div class=\"fusion-panel panel-default\"><div class=\"panel-heading\"><h4 class=\"panel-title toggle\"><a data-toggle=\"collapse\" data-parent=\"#accordion-1851-1\" data-target=\"#08eb9f4b6108390b5\" href=\"#08eb9f4b6108390b5\"><div class=\"fusion-toggle-icon-wrapper\"><i class=\"fa-fusion-box\"><\/i><\/div><div class=\"fusion-toggle-heading\">Immobilienrecht<\/div><\/a><\/h4><\/div><div id=\"08eb9f4b6108390b5\" class=\"panel-collapse collapse \"><div class=\"panel-body toggle-content fusion-clearfix\">\n<p><span style=\"font-weight: 400;\">Wenn Sie bzgl. des Verkaufs, der Schenkung einer Immobilie oder bzgl. der Eintragung eines auf eine Immobilie gegr\u00fcndeten Rechts Ma\u00dfnahmen treffen w\u00fcrde, ist es unbedingt erforderlich, die Mitwirkung einer Rechtsanwaltskanzlei in Anspruch zu nehmen. Dadurch steht Ihnen unsere Rechtsanwaltskanzlei im Falle Ihrer Entscheidung gerne zur Verf\u00fcgung. Unsere Dienstleistungen umfassen die Erstellung von mit der \u00dcbertragung des Eigentumsrechts der betreffenden Immobilie unter dem Rechtstitel Kauf, Schenkung und Tausch im Zusammenhang stehenden Dokumente, die Durchf\u00fchrung der sich mit dem Pfandrecht zusammenh\u00e4ngenden Angelegenheiten, die Erstellung von Mietvertr\u00e4gen. Im Bereich Immobilienrecht sind wir gerne bereit, die sich auf die Gr\u00fcndung und L\u00f6schung eines Nie\u00dfbrauchrechts, Nutzungs- und Dienstbarkeitsrechts beziehenden Dokumente, Miet- und Nutzungsvertr\u00e4ge zu erstellen, zu der obigen Stellung zu nehmen, sowie Gemeinschaftsh\u00e4user zu gr\u00fcnden. Im Interesse der effizienten, schnellen, genauen Durchf\u00fchrung Ihrer Immobilienangelegenheiten vertreten wir Sie vollst\u00e4ndig vor dem zust\u00e4ndigen Grundbuchamt, und wir helfen Ihnen auch bei der Beilegung Ihrer mit der potentiellen Ersitzung und mit dem potentiellen Besitzschutz im Zusammenhang stehenden Rechtsstreitigkeiten.<\/span><\/p>\n<\/div><\/div><\/div><div class=\"fusion-panel panel-default\"><div class=\"panel-heading\"><h4 class=\"panel-title toggle\"><a data-toggle=\"collapse\" data-parent=\"#accordion-1851-1\" data-target=\"#ebe2935216cf14145\" href=\"#ebe2935216cf14145\"><div class=\"fusion-toggle-icon-wrapper\"><i class=\"fa-fusion-box\"><\/i><\/div><div class=\"fusion-toggle-heading\">Prozessvertretung und au\u00dfergerichtliche Rechtsvertretung<\/div><\/a><\/h4><\/div><div id=\"ebe2935216cf14145\" class=\"panel-collapse collapse \"><div class=\"panel-body toggle-content fusion-clearfix\">\n<p><span style=\"font-weight: 400;\">Wir streben jederzeit danach, Ihre Angelegenheiten auf friedlichem Wege beizulegen. Wir gehen jedoch w\u00e4hrend einer potentiellen Rechtsstreitigkeit mit professioneller Sorgfalt vor und f\u00fchren Ihre Vertretung auch w\u00e4hrend der zivilrechtlichen, arbeitsrechtlichen und Verwaltungsprozesse, sowie w\u00e4hrend der au\u00dferstreitigen und anderen Verfahren durch. Au\u00dferdem gew\u00e4hrleisten Ihre Rechtsvertretung auch in den Konkurs-, Aufl\u00f6sungs- und Vollstreckungsverfahren.<\/span><\/p>\n<\/div><\/div><\/div><div class=\"fusion-panel panel-default\"><div class=\"panel-heading\"><h4 class=\"panel-title toggle\"><a data-toggle=\"collapse\" data-parent=\"#accordion-1851-1\" data-target=\"#e1600700a636bd95a\" href=\"#e1600700a636bd95a\"><div class=\"fusion-toggle-icon-wrapper\"><i class=\"fa-fusion-box\"><\/i><\/div><div class=\"fusion-toggle-heading\">Arbeitsrecht<\/div><\/a><\/h4><\/div><div id=\"e1600700a636bd95a\" class=\"panel-collapse collapse \"><div class=\"panel-body toggle-content fusion-clearfix\">\n<p><span style=\"font-weight: 400;\">Falls Sie entweder Arbeitgeber oder Arbeitnehmer sind, im Arbeitsverh\u00e4ltnis oder im anderen Besch\u00e4ftigungsverh\u00e4ltnis stehen, wenden Sie sich vertrauensvoll an uns. W\u00e4hrend der Durchf\u00fchrung unserer arbeitsrechtlichen T\u00e4tigkeit unternehmen wir die Anfertigung und Pr\u00fcfung von Arbeitsvertr\u00e4gen. W\u00e4hrend der Gr\u00fcndung oder K\u00fcndigung eines Arbeitsverh\u00e4ltnisses oder w\u00e4hrend einer entstehenden arbeitsrechtlichen Rechtsstreitigkeit unterst\u00fctzen wir Sie durch unsere professionelle Stellungnahme im Interesse der Einhaltung der Rechtsvorschriften und der angemessenen Geltendmachung Ihrer Anspr\u00fcche. Fall Sie auf dem Markt als Arbeitgeber anwesend sind, ist es zum professionellen Betrieb unbedingt erforderlich, arbeitsrechtliche Ordnungen und Informationen anzufertigen. Dadurch helfen wir Ihnen im Falle Ihrer Entscheidung mit unserem Fachwissen.<\/span><\/p>\n<\/div><\/div><\/div><div class=\"fusion-panel panel-default\"><div class=\"panel-heading\"><h4 class=\"panel-title toggle\"><a data-toggle=\"collapse\" data-parent=\"#accordion-1851-1\" data-target=\"#d21aa75afb77f955d\" href=\"#d21aa75afb77f955d\"><div class=\"fusion-toggle-icon-wrapper\"><i class=\"fa-fusion-box\"><\/i><\/div><div class=\"fusion-toggle-heading\">Gesellschaftsrecht<\/div><\/a><\/h4><\/div><div id=\"d21aa75afb77f955d\" class=\"panel-collapse collapse \"><div class=\"panel-body toggle-content fusion-clearfix\">\n<p><span style=\"font-weight: 400;\">Die Rechtsanwaltskanzlei Nyiri f\u00fchrt im Rahmen eines dauerhaften Antrags die gesellschaftsrechtlichen Angelegenheiten von zahlreichen Gesellschaften durch. Unsere Dienstleistungen umfassen die Gr\u00fcndung-Aufl\u00f6sung einer Gesellschaft, die \u00c4nderung der Gesellschaftsvertr\u00e4ge, die Durchf\u00fchrung der Rechtsvertretung w\u00e4hrend des gesellschaftsrechtlichen Verfahrens sowie die Erstellung anderer gesellschaftsrechtlichen Vertr\u00e4ge.<\/span><\/p>\n<\/div><\/div><\/div><div class=\"fusion-panel panel-default\"><div class=\"panel-heading\"><h4 class=\"panel-title toggle\"><a data-toggle=\"collapse\" data-parent=\"#accordion-1851-1\" data-target=\"#d8efc79b87cce8191\" href=\"#d8efc79b87cce8191\"><div class=\"fusion-toggle-icon-wrapper\"><i class=\"fa-fusion-box\"><\/i><\/div><div class=\"fusion-toggle-heading\">Urheberrecht\/ Schutz des gewerblichen Eigentums<\/div><\/a><\/h4><\/div><div id=\"d8efc79b87cce8191\" class=\"panel-collapse collapse \"><div class=\"panel-body toggle-content fusion-clearfix\">\n<p><span style=\"font-weight: 400;\">Ihre literarischen, wissenschaftlichen und k\u00fcnstlerischen Werke stehen unter gesetzlichem Schutz. Sie k\u00f6nnen jedoch leicht mit einer Situation konfrontieren, die die Verletzung Ihres Urheberrechts zur Folge hat. Im Interesse der Vermeidung der Rechtsverletzungen leisten wir Ihnen Hilfe bei der Erstellung und Pr\u00fcfung der Nutzungs-, Softwareentwicklungsvertr\u00e4ge, bei der Anmeldung Ihres Patents oder Ihrer Marke. Im Falle einer Rechtsverletzung unternehmen wir gerne auch Ihre Prozessvertretung.<\/span><\/p>\n<\/div><\/div><\/div><div class=\"fusion-panel panel-default\"><div class=\"panel-heading\"><h4 class=\"panel-title toggle\"><a data-toggle=\"collapse\" data-parent=\"#accordion-1851-1\" data-target=\"#05e30d6a5369dfd86\" href=\"#05e30d6a5369dfd86\"><div class=\"fusion-toggle-icon-wrapper\"><i class=\"fa-fusion-box\"><\/i><\/div><div class=\"fusion-toggle-heading\">Zahlungsunf\u00e4higkeitsrecht \/ Konkurs und Aufl\u00f6sung<\/div><\/a><\/h4><\/div><div id=\"05e30d6a5369dfd86\" class=\"panel-collapse collapse \"><div class=\"panel-body toggle-content fusion-clearfix\">\n<p><span style=\"font-weight: 400;\">Im Bereich Wirtschaftsrecht erbringen wir den Gl\u00e4ubigern von unter Konkurs- und Aufl\u00f6sungsverfahren geratenen Gesellschaften Rechtsberatungsdienstleistungen. Dadurch begleiten wir unseren Mandanten ab der Anmeldung des Gl\u00e4ubigeranspruchs durch die Vertretung in den Vergleichsverhandlungen bis zum Abschluss des Konkurs- und Aufl\u00f6sungsverfahrens. <\/span><\/p>\n<p><span style=\"font-weight: 400;\">Unsere st\u00e4ndigen Mandanten sind weiterhin solche Aufl\u00f6sungsorganisationen, an deren t\u00e4glichen Arbeit wir uns aktiv beteiligen, wobei wir ihre T\u00e4tigkeit durch Rechtsberatung, Prozessvertretung, sowie durch Erstellung von Stellungnahmen und Vertr\u00e4gen unterst\u00fctzen.<\/span><\/p>\n<\/div><\/div><\/div><div class=\"fusion-panel panel-default\"><div class=\"panel-heading\"><h4 class=\"panel-title toggle\"><a data-toggle=\"collapse\" data-parent=\"#accordion-1851-1\" data-target=\"#7e414159ea2ebc049\" href=\"#7e414159ea2ebc049\"><div class=\"fusion-toggle-icon-wrapper\"><i class=\"fa-fusion-box\"><\/i><\/div><div class=\"fusion-toggle-heading\">Zahlungsunf\u00e4higkeitsrecht \/ Konkurs und Aufl\u00f6sung<\/div><\/a><\/h4><\/div><div id=\"7e414159ea2ebc049\" class=\"panel-collapse collapse \"><div class=\"panel-body toggle-content fusion-clearfix\">\n<p><span style=\"font-weight: 400;\">Am 24. Mai 2016 trat die sog. Datenschutz-Grundverordnung No. 2016\/679 des Europ\u00e4ischen Parlaments und des Rates (\u201eDSGVO\u201c) in Kraft, die ab dem 25. Mai 2018 obligatorisch anzuwenden ist. Die Verordnung macht die Arbeit der die Datenverarbeitung durchf\u00fchrenden Organisationen teilweise durch die Einf\u00fchrung neuer Regelungen teilweise durch die Anpassung der bisherigen Datenverarbeitung an die DSGVO sowie durch die Versch\u00e4rfung der auch zurzeit anzuwendenden Bestimmungen noch aufwendiger und stellt f\u00fcr die Verantwortlichen eine gro\u00dfe Herausforderung dar. Damit die Datenverarbeitungst\u00e4tigkeit unserer Mandanten mit der Verordnung \u00a0sowie mit dem im Zusammenhang damit entstandenen sowie ge\u00e4nderten Rechtsvorschriften in Einklang gebracht werden kann, ist die \u00dcberpr\u00fcfung ihrer Datenverarbeitungst\u00e4tigkeit von rechtlichen und IT-Aspekten unbedingt erforderlich.<\/span><\/p>\n<p><span style=\"font-weight: 400;\">Wir pr\u00fcfen die sich auf die Verwaltung personenbezogener Daten beziehenden Praxis unserer Mandanten sowie deren Einklang mit der Verordnung und erstellen unseren Mandanten im Interesse der Gew\u00e4hrleistung der zuk\u00fcnftigen Datenverarbeitung einen Bericht, der den Ma\u00dfnahmenplan \u00fcber die Pr\u00fcfung enth\u00e4lt.<\/span><\/p>\n<p><span style=\"font-weight: 400;\">Im Rahmen der Pr\u00fcfung erbringen wir insbesondere die folgenden Dienstleistungen:<\/span><\/p>\n<ul>\n<li style=\"font-weight: 400;\"><span style=\"font-weight: 400;\">Bestimmung und \u00dcberpr\u00fcfung verschiedener Datenverarbeitungszwecke und deren Rechtsgrundlage,<\/span><\/li>\n<li style=\"font-weight: 400;\"><span style=\"font-weight: 400;\">Festlegung der Voraussetzungen der mit den Arbeitnehmer im Zusammenhang stehenden Datenverarbeitungen,<\/span><\/li>\n<li style=\"font-weight: 400;\"><span style=\"font-weight: 400;\">Bestimmung und \u00dcberpr\u00fcfung der Voraussetzungen der Kamera\u00fcberwachungen<\/span><\/li>\n<li style=\"font-weight: 400;\"><span style=\"font-weight: 400;\">\u00dcberpr\u00fcfung der Ordnungen aus dem Gesichtspunkt des Datenschutzrechts, sowie<\/span><\/li>\n<li style=\"font-weight: 400;\"><span style=\"font-weight: 400;\">\u00dcberpr\u00fcfung der sich auf die Verarbeitung der personenbezogenen Daten der Mandanten beziehenden Praxis<\/span><\/li>\n<\/ul>\n<p><span style=\"font-weight: 400;\">und nach der \u00dcberpr\u00fcfung die Erstellung und st\u00e4ndige \u00dcberpr\u00fcfung der Dokumente, d.h. des Datenverarbeitungs-Informationsblattes, der Datenverarbeitungsordnung, der mit der Datenverarbeitung im Zusammenhang stehenden praktischen Anweisungen und der diesbez\u00fcglichen Erkl\u00e4rungsmuster.<\/span><\/p>\n<p><span style=\"font-weight: 400;\">Au\u00dferdem informieren wir unsere Mandanten bzgl. ihrer mit dem Datenschutz zusammenh\u00e4ngenden Fragen durch Erstellung von Stellungnahmen sowie im Rahmen der Rechtsberatung auch in jedem Einzelfall.<\/span><\/p>\n<\/div><\/div><\/div><\/div><\/div><div class=\"fusion-sep-clear\"><\/div><div class=\"fusion-separator fusion-full-width-sep sep-double\" style=\"border-color:rgba(62,62,62,0);border-top-width:0px;border-bottom-width:0px;margin-left: auto;margin-right: auto;margin-top:1rem;margin-bottom:1rem;\"><\/div><div class=\"fusion-builder-row fusion-builder-row-inner fusion-row \"><div  class=\"fusion-layout-column fusion_builder_column fusion_builder_column_1_1  fusion-one-full fusion-column-first fusion-column-last 1_1\"  style='margin-top: 0px;margin-bottom: 20px;'><div class=\"fusion-column-wrapper\" style=\"padding: 0px 0px 0px 0px;background-position:left top;background-repeat:no-repeat;-webkit-background-size:cover;-moz-background-size:cover;-o-background-size:cover;background-size:cover;\"  data-bg-url=\"\"><div class=\"fusion-button-wrapper fusion-alignleft\"><style type=\"text\/css\" scoped=\"scoped\">.fusion-button.button-1 .fusion-button-text, .fusion-button.button-1 i {color:#2b3b4f;}.fusion-button.button-1 {border-width:0px;border-color:#2b3b4f;}.fusion-button.button-1 .fusion-button-icon-divider{border-color:#2b3b4f;}.fusion-button.button-1:hover .fusion-button-text, .fusion-button.button-1:hover i,.fusion-button.button-1:focus .fusion-button-text, .fusion-button.button-1:focus i,.fusion-button.button-1:active .fusion-button-text, .fusion-button.button-1:active{color:#2b3b4f;}.fusion-button.button-1:hover, .fusion-button.button-1:focus, .fusion-button.button-1:active{border-width:0px;border-color:#2b3b4f;}.fusion-button.button-1:hover .fusion-button-icon-divider, .fusion-button.button-1:hover .fusion-button-icon-divider, .fusion-button.button-1:active .fusion-button-icon-divider{border-color:#2b3b4f;}.fusion-button.button-1{background: #e2c280;}.fusion-button.button-1:hover,.button-1:focus,.fusion-button.button-1:active{background: rgba(226,194,128,0.5);}.fusion-button.button-1 .fusion-button-text {text-transform:uppercase;}.fusion-button.button-1{width:auto;}<\/style><a class=\"fusion-button button-flat fusion-button-pill button-large button-custom button-1\" target=\"_self\" href=\"https:\/\/nyirilaw.hu\/de\/fachbereich\/offentliche-beschaffung\/\"><span class=\"fusion-button-text\">\u00d6ffentliche Beschaffung<\/span><\/a><\/div><div class=\"fusion-button-wrapper fusion-alignleft\"><style type=\"text\/css\" scoped=\"scoped\">.fusion-button.button-2 .fusion-button-text, .fusion-button.button-2 i {color:#2b3b4f;}.fusion-button.button-2 {border-width:0px;border-color:#2b3b4f;}.fusion-button.button-2 .fusion-button-icon-divider{border-color:#2b3b4f;}.fusion-button.button-2:hover .fusion-button-text, .fusion-button.button-2:hover i,.fusion-button.button-2:focus .fusion-button-text, .fusion-button.button-2:focus i,.fusion-button.button-2:active .fusion-button-text, .fusion-button.button-2:active{color:#2b3b4f;}.fusion-button.button-2:hover, .fusion-button.button-2:focus, .fusion-button.button-2:active{border-width:0px;border-color:#2b3b4f;}.fusion-button.button-2:hover .fusion-button-icon-divider, .fusion-button.button-2:hover .fusion-button-icon-divider, .fusion-button.button-2:active .fusion-button-icon-divider{border-color:#2b3b4f;}.fusion-button.button-2{background: #e2c280;}.fusion-button.button-2:hover,.button-2:focus,.fusion-button.button-2:active{background: rgba(226,194,128,0.5);}.fusion-button.button-2 .fusion-button-text {text-transform:uppercase;}.fusion-button.button-2{width:auto;}<\/style><a class=\"fusion-button button-flat fusion-button-pill button-large button-custom button-2\" target=\"_self\" href=\"https:\/\/nyirilaw.hu\/de\/fachbereich\/steuerberatung\/\"><span class=\"fusion-button-text\">Steuerberatung<\/span><\/a><\/div><\/div><\/div><\/div><div class=\"fusion-clearfix\"><\/div>\n\n\t\t\t\t\t<\/div>\n\t\t\t\t<\/div><\/div><\/div>\n","protected":false},"excerpt":{"rendered":"","protected":false},"author":1,"featured_media":0,"parent":1831,"menu_order":0,"comment_status":"closed","ping_status":"closed","template":"100-width.php","meta":{"footnotes":""},"_links":{"self":[{"href":"https:\/\/nyirilaw.hu\/de\/wp-json\/wp\/v2\/pages\/1851"}],"collection":[{"href":"https:\/\/nyirilaw.hu\/de\/wp-json\/wp\/v2\/pages"}],"about":[{"href":"https:\/\/nyirilaw.hu\/de\/wp-json\/wp\/v2\/types\/page"}],"author":[{"embeddable":true,"href":"https:\/\/nyirilaw.hu\/de\/wp-json\/wp\/v2\/users\/1"}],"replies":[{"embeddable":true,"href":"https:\/\/nyirilaw.hu\/de\/wp-json\/wp\/v2\/comments?post=1851"}],"version-history":[{"count":2,"href":"https:\/\/nyirilaw.hu\/de\/wp-json\/wp\/v2\/pages\/1851\/revisions"}],"predecessor-version":[{"id":1853,"href":"https:\/\/nyirilaw.hu\/de\/wp-json\/wp\/v2\/pages\/1851\/revisions\/1853"}],"up":[{"embeddable":true,"href":"https:\/\/nyirilaw.hu\/de\/wp-json\/wp\/v2\/pages\/1831"}],"wp:attachment":[{"href":"https:\/\/nyirilaw.hu\/de\/wp-json\/wp\/v2\/media?parent=1851"}],"curies":[{"name":"wp","href":"https:\/\/api.w.org\/{rel}","templated":true}]}}