{"id":2545,"date":"2018-10-17T12:30:58","date_gmt":"2018-10-17T12:30:58","guid":{"rendered":"https:\/\/nyirilaw.hu\/ugyvedi-tevekenyseg\/"},"modified":"2024-01-18T14:52:50","modified_gmt":"2024-01-18T14:52:50","slug":"attivita-legale","status":"publish","type":"page","link":"https:\/\/nyirilaw.hu\/it\/aree-di-competenza\/attivita-legale\/","title":{"rendered":"Attivit\u00e0 legale"},"content":{"rendered":"<div class=\"fusion-fullwidth fullwidth-box hundred-percent-fullwidth non-hundred-percent-height-scrolling\"  style='background-color: rgba(255,255,255,0);background-position: left top;background-repeat: no-repeat;'><div class=\"fusion-builder-row fusion-row \"><div  class=\"fusion-layout-column fusion_builder_column fusion_builder_column_1_3  fusion-one-third fusion-column-first 1_3\"  style='margin-top:0px;margin-bottom:20px;width:33.33%;width:calc(33.33% - ( ( 4% ) * 0.3333 ) );margin-right: 4%;'>\n\t\t\t\t\t<div class=\"fusion-column-wrapper\" style=\"padding: 0px 0px 0px 0px;background-position:left top;background-repeat:no-repeat;-webkit-background-size:cover;-moz-background-size:cover;-o-background-size:cover;background-size:cover;\"  data-bg-url=\"\">\n\t\t\t\t\t\t<div class=\"fusion-clearfix\"><\/div>\n\n\t\t\t\t\t<\/div>\n\t\t\t\t<\/div><div  class=\"fusion-layout-column fusion_builder_column fusion_builder_column_2_3  fusion-two-third fusion-column-last fusion-blend-mode 2_3\"  style='margin-top:0px;margin-bottom:0px;width:66.66%;width:calc(66.66% - ( ( 4% ) * 0.6666 ) );'>\n\t\t\t\t\t<div class=\"fusion-column-wrapper\" style=\"background-color:rgba(43,59,79,0.9);padding: 3rem 3rem 3rem 3rem;background-position:left top;background-repeat:no-repeat;-webkit-background-size:cover;-moz-background-size:cover;-o-background-size:cover;background-size:cover;\"  data-bg-url=\"\">\n\t\t\t\t\t\t<div class=\"fusion-title title fusion-sep-none fusion-title-size-two\" style=\"margin-top:0px;margin-bottom:0px;\"><h2 class=\"title-heading-left\">Attivit\u00e0 legale<\/h2><\/div><div class=\"fusion-sep-clear\"><\/div><div class=\"fusion-separator sep-single sep-solid\" style=\"border-color:#e2c280;border-top-width:3px;margin-top:1rem;margin-bottom:1rem;width:100%;max-width:10%;\"><\/div><div class=\"fusion-text\"><p>La nostra competenza ed esperienza copre quasi tutte le aree del diritto commerciale. Questo ci permette di fornire ai nostri clienti una consulenza legale complessa, tenendo conto dei loro obiettivi commerciali e strategici.<\/p>\n<p>Il nostro studio legale vanta una significativa competenza ed esperienza nelle seguenti aree di attivit\u00e0 principali.<\/p>\n<\/div><div class=\"fusion-sep-clear\"><\/div><div class=\"fusion-separator fusion-full-width-sep sep-double\" style=\"border-color:rgba(62,62,62,0);border-top-width:0px;border-bottom-width:0px;margin-left: auto;margin-right: auto;margin-top:1rem;margin-bottom:1rem;\"><\/div><style type=\"text\/css\" scoped=\"scoped\">.fusion-accordian  #accordion-2545-1 .panel-title a .fa-fusion-box{ color: #ffffff;}.fusion-accordian  #accordion-2545-1 .panel-title a .fa-fusion-box:before{ font-size: 13px; width: 13px;}.fusion-accordian  #accordion-2545-1 .panel-title a{font-size:1.12rem;}.fusion-accordian  #accordion-2545-1 .fa-fusion-box { background-color: #1f2c3f;border-color: #1f2c3f;}.fusion-accordian  #accordion-2545-1 .panel-title a:hover, #accordion-2545-1 .fusion-toggle-boxed-mode:hover .panel-title a { color: #e2c280;}.fusion-accordian  #accordion-2545-1 .panel-title .active .fa-fusion-box,.fusion-accordian  #accordion-2545-1 .panel-title a:hover .fa-fusion-box { background-color: #e2c280!important;border-color: #e2c280!important;}<\/style><div class=\"accordian fusion-accordian\"><div class=\"panel-group\" id=\"accordion-2545-1\"><div class=\"fusion-panel panel-default\"><div class=\"panel-heading\"><h4 class=\"panel-title toggle\"><a class=\"active\" data-toggle=\"collapse\" data-parent=\"#accordion-2545-1\" data-target=\"#ac7de84dc3fdf7124\" href=\"#ac7de84dc3fdf7124\"><div class=\"fusion-toggle-icon-wrapper\"><i class=\"fa-fusion-box\"><\/i><\/div><div class=\"fusion-toggle-heading\">Diritto civile<\/div><\/a><\/h4><\/div><div id=\"ac7de84dc3fdf7124\" class=\"panel-collapse collapse in\"><div class=\"panel-body toggle-content fusion-clearfix\">\n<p>Lo Studio Legale Nyiri vi offre un servizio legale complesso nel campo del diritto civile ad alto livello professionale. Redigiamo e modifichiamo i vostri contratti e vi forniamo una consulenza esperta sui contratti redatti da altri, per garantire che i vostri diritti e obblighi siano correttamente applicati nel rapporto giuridico. Vi forniremo un servizio attento, informato e approfondito e informazioni per aiutarvi a far valere i vostri diritti, le vostre garanzie e i vostri danni, offrendovi la nostra esperienza in tutti i settori del diritto civile.<\/p>\n<\/div><\/div><\/div><div class=\"fusion-panel panel-default\"><div class=\"panel-heading\"><h4 class=\"panel-title toggle\"><a data-toggle=\"collapse\" data-parent=\"#accordion-2545-1\" data-target=\"#64d3d6e1f0c342711\" href=\"#64d3d6e1f0c342711\"><div class=\"fusion-toggle-icon-wrapper\"><i class=\"fa-fusion-box\"><\/i><\/div><div class=\"fusion-toggle-heading\">Diritto immobiliare<\/div><\/a><\/h4><\/div><div id=\"64d3d6e1f0c342711\" class=\"panel-collapse collapse \"><div class=\"panel-body toggle-content fusion-clearfix\">\n<p>Se desiderate acquistare o vendere un immobile, fare una donazione o registrare un diritto su un immobile, \u00e8 essenziale che abbiate un avvocato a consigliarvi, e il nostro studio \u00e8 pronto ad aiutarvi a prendere la vostra decisione. I nostri servizi comprendono la stesura di documenti relativi al trasferimento di propriet\u00e0 dell&#8217;immobile in questione tramite vendita, donazione o permuta, la gestione di vincoli e la redazione di contratti di locazione. Nell&#8217;ambito del diritto immobiliare, ci occupiamo anche della stesura e della redazione di atti, contratti di locazione e di godimento, nonch\u00e9 di pareri sulla costituzione e la cessazione di diritti di usufrutto, usufrutto e servit\u00f9, nonch\u00e9 sulla costituzione di condomini. Per garantire che le vostre questioni immobiliari siano gestite in modo efficiente, rapido e accurato, vi rappresenteremo diligentemente davanti all&#8217;ufficio catastale competente e vi assisteremo nella risoluzione di eventuali controversie relative allo spossessamento e alla tutela della vostra propriet\u00e0.<\/p>\n<\/div><\/div><\/div><div class=\"fusion-panel panel-default\"><div class=\"panel-heading\"><h4 class=\"panel-title toggle\"><a data-toggle=\"collapse\" data-parent=\"#accordion-2545-1\" data-target=\"#7233acda58a51bd22\" href=\"#7233acda58a51bd22\"><div class=\"fusion-toggle-icon-wrapper\"><i class=\"fa-fusion-box\"><\/i><\/div><div class=\"fusion-toggle-heading\">Contenzioso e rappresentanza legale extragiudiziale<\/div><\/a><\/h4><\/div><div id=\"7233acda58a51bd22\" class=\"panel-collapse collapse \"><div class=\"panel-body toggle-content fusion-clearfix\">\n<p>Cercheremo sempre di risolvere il vostro caso in modo amichevole, ma in caso di controversia, ci occuperemo del vostro caso con diligenza professionale e vi rappresenteremo in questioni civili, lavorative, amministrative, non contenziose e in contenziosi. Vi rappresentiamo anche in procedure fallimentari, di liquidazione e di esecuzione.<\/p>\n<\/div><\/div><\/div><div class=\"fusion-panel panel-default\"><div class=\"panel-heading\"><h4 class=\"panel-title toggle\"><a data-toggle=\"collapse\" data-parent=\"#accordion-2545-1\" data-target=\"#8cb33e37f797d5cda\" href=\"#8cb33e37f797d5cda\"><div class=\"fusion-toggle-icon-wrapper\"><i class=\"fa-fusion-box\"><\/i><\/div><div class=\"fusion-toggle-heading\">Diritto del lavoro<\/div><\/a><\/h4><\/div><div id=\"8cb33e37f797d5cda\" class=\"panel-collapse collapse \"><div class=\"panel-body toggle-content fusion-clearfix\">\n<p>Che siate datori di lavoro, dipendenti, lavoratori o altro, contattateci. Nell&#8217;ambito delle nostre attivit\u00e0 di diritto del lavoro, ci occupiamo della redazione di contratti di lavoro, forniamo pareri sui contratti di lavoro, vi assistiamo nell&#8217;instaurazione e nella cessazione dei rapporti di lavoro o vi forniamo una consulenza specialistica in caso di controversie di lavoro, al fine di garantire il rispetto della legge e di assicurare che le vostre esigenze siano soddisfatte. Se siete presenti sul mercato come datori di lavoro, saremo lieti di assistervi con la nostra esperienza nella redazione delle norme sul lavoro e dei documenti informativi essenziali per la vostra attivit\u00e0 professionale.<\/p>\n<\/div><\/div><\/div><div class=\"fusion-panel panel-default\"><div class=\"panel-heading\"><h4 class=\"panel-title toggle\"><a data-toggle=\"collapse\" data-parent=\"#accordion-2545-1\" data-target=\"#7b1156ea13095e7df\" href=\"#7b1156ea13095e7df\"><div class=\"fusion-toggle-icon-wrapper\"><i class=\"fa-fusion-box\"><\/i><\/div><div class=\"fusion-toggle-heading\">Diritto societario<\/div><\/a><\/h4><\/div><div id=\"7b1156ea13095e7df\" class=\"panel-collapse collapse \"><div class=\"panel-body toggle-content fusion-clearfix\">\n<p>Lo Studio Legale Nyiri si occupa stabilmente degli affari societari di diverse aziende. I nostri servizi comprendono la costituzione e lo scioglimento di societ\u00e0, la modifica di accordi societari, la rappresentanza legale in procedimenti societari e la redazione di altri accordi societari.<\/p>\n<\/div><\/div><\/div><div class=\"fusion-panel panel-default\"><div class=\"panel-heading\"><h4 class=\"panel-title toggle\"><a data-toggle=\"collapse\" data-parent=\"#accordion-2545-1\" data-target=\"#1d6b12d3b543f28b2\" href=\"#1d6b12d3b543f28b2\"><div class=\"fusion-toggle-icon-wrapper\"><i class=\"fa-fusion-box\"><\/i><\/div><div class=\"fusion-toggle-heading\">Copyright \/ Diritti di propriet\u00e0 industriale<\/div><\/a><\/h4><\/div><div id=\"1d6b12d3b543f28b2\" class=\"panel-collapse collapse \"><div class=\"panel-body toggle-content fusion-clearfix\">\n<p>Le vostre opere letterarie, scientifiche e artistiche sono protette dalla legge, ma \u00e8 facile che vi troviate in una situazione di violazione del vostro copyright. Per evitare la violazione, possiamo aiutarvi a redigere contratti di utilizzo e di sviluppo software, a redigere pareri, a registrare il vostro brevetto o marchio e a rappresentarvi in tribunale in caso di violazione.<\/p>\n<\/div><\/div><\/div><div class=\"fusion-panel panel-default\"><div class=\"panel-heading\"><h4 class=\"panel-title toggle\"><a data-toggle=\"collapse\" data-parent=\"#accordion-2545-1\" data-target=\"#850c4eaed0ab33a0b\" href=\"#850c4eaed0ab33a0b\"><div class=\"fusion-toggle-icon-wrapper\"><i class=\"fa-fusion-box\"><\/i><\/div><div class=\"fusion-toggle-heading\">Diritto fallimentare \/ fallimento e liquidazione<\/div><\/a><\/h4><\/div><div id=\"850c4eaed0ab33a0b\" class=\"panel-collapse collapse \"><div class=\"panel-body toggle-content fusion-clearfix\">\n<p>Nel campo del diritto commerciale, forniamo assistenza legale ai creditori di societ\u00e0 in fallimento o in liquidazione, accompagnando i nostri clienti dalla presentazione dell&#8217;istanza dei creditori, alla rappresentanza nelle trattative di transazione, fino alla conclusione della procedura di fallimento o di liquidazione.<\/p>\n<p>Abbiamo anche una clientela abituale di organizzazioni in liquidazione, dove svolgiamo un ruolo attivo nel lavoro quotidiano dell&#8217;organizzazione, fornendo consulenza legale, rappresentanza nelle controversie, redazione di pareri e contratti.<\/p>\n<\/div><\/div><\/div><div class=\"fusion-panel panel-default\"><div class=\"panel-heading\"><h4 class=\"panel-title toggle\"><a data-toggle=\"collapse\" data-parent=\"#accordion-2545-1\" data-target=\"#ba55431e324386201\" href=\"#ba55431e324386201\"><div class=\"fusion-toggle-icon-wrapper\"><i class=\"fa-fusion-box\"><\/i><\/div><div class=\"fusion-toggle-heading\">Protezione dei dati<\/div><\/a><\/h4><\/div><div id=\"ba55431e324386201\" class=\"panel-collapse collapse \"><div class=\"panel-body toggle-content fusion-clearfix\">&#8220;Il 24 maggio 2016 \u00e8 entrato in vigore il Regolamento Generale sulla Protezione dei Dati (GDPR) n. 2016\/679 del Parlamento Europeo e del Consiglio, diventando obbligatorio dal 25 maggio 2018. Il regolamento rende pi\u00f9 impegnativa l&#8217;attivit\u00e0 di trattamento dati per le organizzazioni, introducendo nuove regole e adattando le precedenti prassi di gestione dati al GDPR. Ci\u00f2 costituisce una sfida significativa per gli operatori del trattamento dati. Al fine di garantire la conformit\u00e0 delle attivit\u00e0 di trattamento dati dei nostri clienti al regolamento e alle normative correlate che sono entrate in vigore o sono state modificate in connessione con esso, \u00e8 essenziale condurre una revisione legale e informatica delle attivit\u00e0 di trattamento dati.<\/p>\n<p>Ci impegniamo a valutare la pratica di trattamento dei dati personali dei nostri clienti, garantendo la conformit\u00e0 con il regolamento e preparando una relazione di revisione che includa un piano d&#8217;azione. Questo al fine di assicurare la gestione futura dei dati.<\/p>\n<p><span style=\"font-weight: 400;\">Nell&#8217;ambito della revisione, offriamo in particolare i seguenti servizi: <\/span><\/p>\n<ul>\n<li style=\"font-weight: 400;\">Identificazione e revisione dei diversi scopi di trattamento dati e delle relative basi giuridiche,<\/li>\n<li style=\"font-weight: 400;\">Esame delle condizioni del trattamento dati legate ai dipendenti,<\/li>\n<li style=\"font-weight: 400;\">Definizione e revisione delle condizioni per la videosorveglianza,<\/li>\n<li style=\"font-weight: 400;\">Revisione delle policy dal punto di vista giuridico in materia di protezione dei dati, nonch\u00e9<\/li>\n<li style=\"font-weight: 400;\">Esame delle prassi di trattamento dei dati personali dei clienti.<\/li>\n<\/ul>\n<p>e la redazione e la revisione continua di documenti successivi alla revisione, come informativa sulla privacy, regolamento sulla protezione dei dati, guida pratica sul trattamento dei dati e modelli di dichiarazioni correlate.<\/p>\n<p>Oltre a quanto sopra, per i casi specifici, forniamo consulenza legale e prepariamo pareri per informare i nostri clienti su questioni legate alla protezione dei dati.&#8221;<\/div><\/div><\/div><\/div><\/div><div class=\"fusion-sep-clear\"><\/div><div class=\"fusion-separator fusion-full-width-sep sep-double\" style=\"border-color:rgba(62,62,62,0);border-top-width:0px;border-bottom-width:0px;margin-left: auto;margin-right: auto;margin-top:1rem;margin-bottom:1rem;\"><\/div><div class=\"fusion-builder-row fusion-builder-row-inner fusion-row \"><div  class=\"fusion-layout-column fusion_builder_column fusion_builder_column_1_1  fusion-one-full fusion-column-first fusion-column-last 1_1\"  style='margin-top: 0px;margin-bottom: 20px;'><div class=\"fusion-column-wrapper\" style=\"padding: 0px 0px 0px 0px;background-position:left top;background-repeat:no-repeat;-webkit-background-size:cover;-moz-background-size:cover;-o-background-size:cover;background-size:cover;\"  data-bg-url=\"\"><div class=\"fusion-button-wrapper fusion-alignleft\"><style type=\"text\/css\" scoped=\"scoped\">.fusion-button.button-1 .fusion-button-text, .fusion-button.button-1 i {color:#2b3b4f;}.fusion-button.button-1 {border-width:0px;border-color:#2b3b4f;}.fusion-button.button-1 .fusion-button-icon-divider{border-color:#2b3b4f;}.fusion-button.button-1:hover .fusion-button-text, .fusion-button.button-1:hover i,.fusion-button.button-1:focus .fusion-button-text, .fusion-button.button-1:focus i,.fusion-button.button-1:active .fusion-button-text, .fusion-button.button-1:active{color:#2b3b4f;}.fusion-button.button-1:hover, .fusion-button.button-1:focus, .fusion-button.button-1:active{border-width:0px;border-color:#2b3b4f;}.fusion-button.button-1:hover .fusion-button-icon-divider, .fusion-button.button-1:hover .fusion-button-icon-divider, .fusion-button.button-1:active .fusion-button-icon-divider{border-color:#2b3b4f;}.fusion-button.button-1{background: #e2c280;}.fusion-button.button-1:hover,.button-1:focus,.fusion-button.button-1:active{background: rgba(226,194,128,0.5);}.fusion-button.button-1 .fusion-button-text {text-transform:uppercase;}.fusion-button.button-1{width:auto;}<\/style><a class=\"fusion-button button-flat fusion-button-pill button-large button-custom button-1\" target=\"_self\" href=\"https:\/\/nyirilaw.hu\/it\/kozbeszerzes\/\"><span class=\"fusion-button-text\">Appalti pubblici<\/span><\/a><\/div><div class=\"fusion-button-wrapper fusion-alignleft\"><style type=\"text\/css\" scoped=\"scoped\">.fusion-button.button-2 .fusion-button-text, .fusion-button.button-2 i {color:#2b3b4f;}.fusion-button.button-2 {border-width:0px;border-color:#2b3b4f;}.fusion-button.button-2 .fusion-button-icon-divider{border-color:#2b3b4f;}.fusion-button.button-2:hover .fusion-button-text, .fusion-button.button-2:hover i,.fusion-button.button-2:focus .fusion-button-text, .fusion-button.button-2:focus i,.fusion-button.button-2:active .fusion-button-text, .fusion-button.button-2:active{color:#2b3b4f;}.fusion-button.button-2:hover, .fusion-button.button-2:focus, .fusion-button.button-2:active{border-width:0px;border-color:#2b3b4f;}.fusion-button.button-2:hover .fusion-button-icon-divider, .fusion-button.button-2:hover .fusion-button-icon-divider, .fusion-button.button-2:active .fusion-button-icon-divider{border-color:#2b3b4f;}.fusion-button.button-2{background: #e2c280;}.fusion-button.button-2:hover,.button-2:focus,.fusion-button.button-2:active{background: rgba(226,194,128,0.5);}.fusion-button.button-2 .fusion-button-text {text-transform:uppercase;}.fusion-button.button-2{width:auto;}<\/style><a class=\"fusion-button button-flat fusion-button-pill button-large button-custom button-2\" target=\"_self\" href=\"https:\/\/nyirilaw.hu\/it\/consulenza-fiscale\/\"><span class=\"fusion-button-text\">Consulenza fiscale<\/span><\/a><\/div><\/div><\/div><\/div><div class=\"fusion-clearfix\"><\/div>\n\n\t\t\t\t\t<\/div>\n\t\t\t\t<\/div><\/div><\/div>\n","protected":false},"excerpt":{"rendered":"","protected":false},"author":1,"featured_media":0,"parent":2583,"menu_order":0,"comment_status":"closed","ping_status":"closed","template":"100-width.php","meta":{"footnotes":""},"_links":{"self":[{"href":"https:\/\/nyirilaw.hu\/it\/wp-json\/wp\/v2\/pages\/2545"}],"collection":[{"href":"https:\/\/nyirilaw.hu\/it\/wp-json\/wp\/v2\/pages"}],"about":[{"href":"https:\/\/nyirilaw.hu\/it\/wp-json\/wp\/v2\/types\/page"}],"author":[{"embeddable":true,"href":"https:\/\/nyirilaw.hu\/it\/wp-json\/wp\/v2\/users\/1"}],"replies":[{"embeddable":true,"href":"https:\/\/nyirilaw.hu\/it\/wp-json\/wp\/v2\/comments?post=2545"}],"version-history":[{"count":4,"href":"https:\/\/nyirilaw.hu\/it\/wp-json\/wp\/v2\/pages\/2545\/revisions"}],"predecessor-version":[{"id":2577,"href":"https:\/\/nyirilaw.hu\/it\/wp-json\/wp\/v2\/pages\/2545\/revisions\/2577"}],"up":[{"embeddable":true,"href":"https:\/\/nyirilaw.hu\/it\/wp-json\/wp\/v2\/pages\/2583"}],"wp:attachment":[{"href":"https:\/\/nyirilaw.hu\/it\/wp-json\/wp\/v2\/media?parent=2545"}],"curies":[{"name":"wp","href":"https:\/\/api.w.org\/{rel}","templated":true}]}}