{"id":2549,"date":"2019-12-04T16:15:05","date_gmt":"2019-12-04T16:15:05","guid":{"rendered":"https:\/\/nyirilaw.hu\/nemzetkozi-kapcsolatok\/"},"modified":"2024-01-18T14:47:08","modified_gmt":"2024-01-18T14:47:08","slug":"relazioni-internazionali","status":"publish","type":"page","link":"https:\/\/nyirilaw.hu\/it\/relazioni-internazionali\/","title":{"rendered":"Relazioni internazionali"},"content":{"rendered":"<div class=\"fusion-fullwidth fullwidth-box fusion-parallax-fixed hundred-percent-fullwidth non-hundred-percent-height-scrolling\"  style='background-color: rgba(255,255,255,0);background-image: url(\"https:\/\/nyirilaw.hu\/wp-content\/uploads\/2019\/12\/615191159-huge-1200x800.jpg\");background-position: left top;background-repeat: no-repeat;-webkit-background-size:cover;-moz-background-size:cover;-o-background-size:cover;background-size:cover;background-attachment:fixed;'><div class=\"fusion-builder-row fusion-row \"><div  class=\"fusion-layout-column fusion_builder_column fusion_builder_column_1_3  fusion-one-third fusion-column-first 1_3\"  style='margin-top:0px;margin-bottom:20px;width:33.33%;width:calc(33.33% - ( ( 4% ) * 0.3333 ) );margin-right: 4%;'>\n\t\t\t\t\t<div class=\"fusion-column-wrapper\" style=\"padding: 0px 0px 0px 0px;background-position:left top;background-repeat:no-repeat;-webkit-background-size:cover;-moz-background-size:cover;-o-background-size:cover;background-size:cover;\"  data-bg-url=\"\">\n\t\t\t\t\t\t<div class=\"fusion-clearfix\"><\/div>\n\n\t\t\t\t\t<\/div>\n\t\t\t\t<\/div><div  class=\"fusion-layout-column fusion_builder_column fusion_builder_column_2_3  fusion-two-third fusion-column-last fusion-blend-mode 2_3\"  style='margin-top:0px;margin-bottom:0px;width:66.66%;width:calc(66.66% - ( ( 4% ) * 0.6666 ) );'>\n\t\t\t\t\t<div class=\"fusion-column-wrapper\" style=\"background-color:rgba(43,59,79,0.9);padding: 3rem 3rem 3rem 3rem;background-position:left top;background-repeat:no-repeat;-webkit-background-size:cover;-moz-background-size:cover;-o-background-size:cover;background-size:cover;\"  data-bg-url=\"\">\n\t\t\t\t\t\t<div class=\"fusion-title title fusion-sep-none fusion-title-size-two\" style=\"margin-top:0px;margin-bottom:0px;\"><h2 class=\"title-heading-left\">Relazioni internazionali<\/h2><\/div><div class=\"fusion-sep-clear\"><\/div><div class=\"fusion-separator sep-single sep-solid\" style=\"border-color:#e2c280;border-top-width:3px;margin-top:1rem;margin-bottom:1rem;width:100%;max-width:10%;\"><\/div><div class=\"fusion-text\"><p>Per fornire un adeguato supporto alle attivit\u00e0 transfrontaliere e internazionali dei nostri clienti, lo Studio Legale Nyiri si \u00e8 affiliato all&#8217;organizzazione chiamata Lawyers Cooperation. L&#8217;obiettivo di questa organizzazione \u00e8 garantire la conoscenza locale e l&#8217;esperienza specializzata attraverso il sostegno alla collaborazione internazionale tra studi legali indipendenti e, di conseguenza, fornire assistenza ai clienti.<\/p>\n<p><a href=\"https:\/\/www.lawyerscooperation.org\/\"><img loading=\"lazy\" decoding=\"async\" class=\"alignnone wp-image-2089 size-medium\" src=\"https:\/\/nyirilaw.hu\/wp-content\/uploads\/2019\/12\/Logo-Lawyers-Cooperation-300x70.png\" alt=\"\" width=\"300\" height=\"70\" srcset=\"https:\/\/nyirilaw.hu\/wp-content\/uploads\/2019\/12\/Logo-Lawyers-Cooperation-200x47.png 200w, https:\/\/nyirilaw.hu\/wp-content\/uploads\/2019\/12\/Logo-Lawyers-Cooperation-300x70.png 300w, https:\/\/nyirilaw.hu\/wp-content\/uploads\/2019\/12\/Logo-Lawyers-Cooperation-400x93.png 400w, https:\/\/nyirilaw.hu\/wp-content\/uploads\/2019\/12\/Logo-Lawyers-Cooperation-600x140.png 600w, https:\/\/nyirilaw.hu\/wp-content\/uploads\/2019\/12\/Logo-Lawyers-Cooperation-768x179.png 768w, https:\/\/nyirilaw.hu\/wp-content\/uploads\/2019\/12\/Logo-Lawyers-Cooperation-800x187.png 800w, https:\/\/nyirilaw.hu\/wp-content\/uploads\/2019\/12\/Logo-Lawyers-Cooperation-1024x239.png 1024w, https:\/\/nyirilaw.hu\/wp-content\/uploads\/2019\/12\/Logo-Lawyers-Cooperation-1200x280.png 1200w\" sizes=\"(max-width: 300px) 100vw, 300px\" \/><\/a><\/p>\n<p>In Europa e al di fuori di essa, l&#8217;organizzazione conta membri provenienti da diversi paesi, tra cui:<\/p>\n<ul>\n<li>Austria<\/li>\n<li>Italia<\/li>\n<li>Belgio, Paesi Bassi<\/li>\n<li>Germania<\/li>\n<li>Spagna<\/li>\n<li>Ungheria<\/li>\n<li>Svezia<\/li>\n<li>Regno Unito<\/li>\n<li>Svizzera<\/li>\n<li>Polonia<\/li>\n<li>Romania<\/li>\n<li>Portogallo<\/li>\n<li>Croazia<\/li>\n<li>Cipro<\/li>\n<li>Cile<\/li>\n<\/ul>\n<p>Se avesse bisogno di consulenza legale in uno di questi paesi, non esiti a contattare lo Studio Legale Nyiri, che, attraverso i membri di Lawyers Cooperation, trover\u00e0 la soluzione legale per raggiungere i suoi obiettivi.<\/p>\n<\/div><div class=\"fusion-sep-clear\"><\/div><div class=\"fusion-separator fusion-full-width-sep sep-double\" style=\"border-color:rgba(62,62,62,0);border-top-width:0px;border-bottom-width:0px;margin-left: auto;margin-right: auto;margin-top:1rem;margin-bottom:1rem;\"><\/div><div class=\"fusion-builder-row fusion-builder-row-inner fusion-row \"><div  class=\"fusion-layout-column fusion_builder_column fusion_builder_column_1_1  fusion-one-full fusion-column-first fusion-column-last 1_1\"  style='margin-top: 0px;margin-bottom: 20px;'><div class=\"fusion-column-wrapper\" style=\"padding: 0px 0px 0px 0px;background-position:left top;background-repeat:no-repeat;-webkit-background-size:cover;-moz-background-size:cover;-o-background-size:cover;background-size:cover;\"  data-bg-url=\"\"><div class=\"fusion-button-wrapper fusion-alignleft\"><style type=\"text\/css\" scoped=\"scoped\">.fusion-button.button-1 .fusion-button-text, .fusion-button.button-1 i {color:#2b3b4f;}.fusion-button.button-1 {border-width:0px;border-color:#2b3b4f;}.fusion-button.button-1 .fusion-button-icon-divider{border-color:#2b3b4f;}.fusion-button.button-1:hover .fusion-button-text, .fusion-button.button-1:hover i,.fusion-button.button-1:focus .fusion-button-text, .fusion-button.button-1:focus i,.fusion-button.button-1:active .fusion-button-text, .fusion-button.button-1:active{color:#2b3b4f;}.fusion-button.button-1:hover, .fusion-button.button-1:focus, .fusion-button.button-1:active{border-width:0px;border-color:#2b3b4f;}.fusion-button.button-1:hover .fusion-button-icon-divider, .fusion-button.button-1:hover .fusion-button-icon-divider, .fusion-button.button-1:active .fusion-button-icon-divider{border-color:#2b3b4f;}.fusion-button.button-1{background: #e2c280;}.fusion-button.button-1:hover,.button-1:focus,.fusion-button.button-1:active{background: rgba(226,194,128,0.5);}.fusion-button.button-1 .fusion-button-text {text-transform:uppercase;}.fusion-button.button-1{width:auto;}<\/style><a class=\"fusion-button button-flat fusion-button-pill button-large button-custom button-1\" target=\"_self\" href=\"https:\/\/nyirilaw.hu\/it\/personale\/\"><span class=\"fusion-button-text\">Il nostro personale<\/span><\/a><\/div><div class=\"fusion-button-wrapper fusion-alignleft\"><style type=\"text\/css\" scoped=\"scoped\">.fusion-button.button-2 .fusion-button-text, .fusion-button.button-2 i {color:#2b3b4f;}.fusion-button.button-2 {border-width:0px;border-color:#2b3b4f;}.fusion-button.button-2 .fusion-button-icon-divider{border-color:#2b3b4f;}.fusion-button.button-2:hover .fusion-button-text, .fusion-button.button-2:hover i,.fusion-button.button-2:focus .fusion-button-text, .fusion-button.button-2:focus i,.fusion-button.button-2:active .fusion-button-text, .fusion-button.button-2:active{color:#2b3b4f;}.fusion-button.button-2:hover, .fusion-button.button-2:focus, .fusion-button.button-2:active{border-width:0px;border-color:#2b3b4f;}.fusion-button.button-2:hover .fusion-button-icon-divider, .fusion-button.button-2:hover .fusion-button-icon-divider, .fusion-button.button-2:active .fusion-button-icon-divider{border-color:#2b3b4f;}.fusion-button.button-2{background: #e2c280;}.fusion-button.button-2:hover,.button-2:focus,.fusion-button.button-2:active{background: rgba(226,194,128,0.5);}.fusion-button.button-2 .fusion-button-text {text-transform:uppercase;}.fusion-button.button-2{width:auto;}<\/style><a class=\"fusion-button button-flat fusion-button-pill button-large button-custom button-2\" target=\"_self\" href=\"https:\/\/nyirilaw.hu\/it\/attivita-legale\/\"><span class=\"fusion-button-text\">Aree di competenza<\/span><\/a><\/div><\/div><\/div><\/div><div class=\"fusion-clearfix\"><\/div>\n\n\t\t\t\t\t<\/div>\n\t\t\t\t<\/div><\/div><\/div>\n","protected":false},"excerpt":{"rendered":"","protected":false},"author":6,"featured_media":0,"parent":0,"menu_order":0,"comment_status":"closed","ping_status":"closed","template":"100-width.php","meta":{"footnotes":""},"_links":{"self":[{"href":"https:\/\/nyirilaw.hu\/it\/wp-json\/wp\/v2\/pages\/2549"}],"collection":[{"href":"https:\/\/nyirilaw.hu\/it\/wp-json\/wp\/v2\/pages"}],"about":[{"href":"https:\/\/nyirilaw.hu\/it\/wp-json\/wp\/v2\/types\/page"}],"author":[{"embeddable":true,"href":"https:\/\/nyirilaw.hu\/it\/wp-json\/wp\/v2\/users\/6"}],"replies":[{"embeddable":true,"href":"https:\/\/nyirilaw.hu\/it\/wp-json\/wp\/v2\/comments?post=2549"}],"version-history":[{"count":3,"href":"https:\/\/nyirilaw.hu\/it\/wp-json\/wp\/v2\/pages\/2549\/revisions"}],"predecessor-version":[{"id":2564,"href":"https:\/\/nyirilaw.hu\/it\/wp-json\/wp\/v2\/pages\/2549\/revisions\/2564"}],"wp:attachment":[{"href":"https:\/\/nyirilaw.hu\/it\/wp-json\/wp\/v2\/media?parent=2549"}],"curies":[{"name":"wp","href":"https:\/\/api.w.org\/{rel}","templated":true}]}}