{"id":2553,"date":"2018-10-17T12:31:17","date_gmt":"2018-10-17T12:31:17","guid":{"rendered":"https:\/\/nyirilaw.hu\/kozbeszerzes\/"},"modified":"2024-01-18T14:51:43","modified_gmt":"2024-01-18T14:51:43","slug":"appalti-pubblici","status":"publish","type":"page","link":"https:\/\/nyirilaw.hu\/it\/aree-di-competenza\/appalti-pubblici\/","title":{"rendered":"Appalti pubblici"},"content":{"rendered":"<div class=\"fusion-fullwidth fullwidth-box hundred-percent-fullwidth non-hundred-percent-height-scrolling\"  style='background-color: rgba(255,255,255,0);background-position: left center;background-repeat: no-repeat;'><div class=\"fusion-builder-row fusion-row \"><div  class=\"fusion-layout-column fusion_builder_column fusion_builder_column_1_3  fusion-one-third fusion-column-first 1_3\"  style='margin-top:0px;margin-bottom:20px;width:33.33%;width:calc(33.33% - ( ( 4% ) * 0.3333 ) );margin-right: 4%;'>\n\t\t\t\t\t<div class=\"fusion-column-wrapper\" style=\"padding: 0px 0px 0px 0px;background-position:left top;background-repeat:no-repeat;-webkit-background-size:cover;-moz-background-size:cover;-o-background-size:cover;background-size:cover;\"  data-bg-url=\"\">\n\t\t\t\t\t\t<div class=\"fusion-clearfix\"><\/div>\n\n\t\t\t\t\t<\/div>\n\t\t\t\t<\/div><div  class=\"fusion-layout-column fusion_builder_column fusion_builder_column_2_3  fusion-two-third fusion-column-last fusion-blend-mode 2_3\"  style='margin-top:0px;margin-bottom:0px;width:66.66%;width:calc(66.66% - ( ( 4% ) * 0.6666 ) );'>\n\t\t\t\t\t<div class=\"fusion-column-wrapper\" style=\"background-color:rgba(43,59,79,0.9);padding: 3rem 3rem 3rem 3rem;background-position:left top;background-repeat:no-repeat;-webkit-background-size:cover;-moz-background-size:cover;-o-background-size:cover;background-size:cover;\"  data-bg-url=\"\">\n\t\t\t\t\t\t<div class=\"fusion-title title fusion-sep-none fusion-title-size-two\" style=\"margin-top:0px;margin-bottom:0px;\"><h2 class=\"title-heading-left\">Appalti pubblici<\/h2><\/div><div class=\"fusion-sep-clear\"><\/div><div class=\"fusion-separator sep-single sep-solid\" style=\"border-color:#e2c280;border-top-width:3px;margin-top:1rem;margin-bottom:1rem;width:100%;max-width:10%;\"><\/div><div class=\"fusion-text\"><p>Il diritto degli appalti pubblici \u00e8 un&#8217;area di competenza chiave dello Studio Legale Nyiri, e le sue attivit\u00e0 comprendono l&#8217;intera gamma delle procedure di appalto pubblico, compresa la gestione delle procedure sull&#8217;interfaccia ERA e l&#8217;assistenza nei controlli previsti dalla legge. Il nostro studio ha una notevole esperienza nella gestione delle procedure di appalto pubblico per gli appalti finanziati dai fondi dell&#8217;Unione Europea. Per quanto riguarda le gare d&#8217;appalto, vi aiutiamo a preparare e presentare le vostre offerte in modo professionale. In caso di controversia, vi assistiamo nell&#8217;applicazione efficace dei rimedi per gli appalti pubblici e vi rappresentiamo davanti al Comitato arbitrale per gli appalti pubblici, oltre a fungere da consulente responsabile per gli appalti.<\/p>\n<\/div><div class=\"fusion-sep-clear\"><\/div><div class=\"fusion-separator fusion-full-width-sep sep-double\" style=\"border-color:rgba(62,62,62,0);border-top-width:0px;border-bottom-width:0px;margin-left: auto;margin-right: auto;margin-top:1rem;margin-bottom:1rem;\"><\/div><div class=\"fusion-builder-row fusion-builder-row-inner fusion-row \"><div  class=\"fusion-layout-column fusion_builder_column fusion_builder_column_1_1  fusion-one-full fusion-column-first fusion-column-last 1_1\"  style='margin-top: 0px;margin-bottom: 20px;'><div class=\"fusion-column-wrapper\" style=\"padding: 0px 0px 0px 0px;background-position:left top;background-repeat:no-repeat;-webkit-background-size:cover;-moz-background-size:cover;-o-background-size:cover;background-size:cover;\"  data-bg-url=\"\"><div class=\"fusion-button-wrapper fusion-alignleft\"><style type=\"text\/css\" scoped=\"scoped\">.fusion-button.button-1 .fusion-button-text, .fusion-button.button-1 i {color:#2b3b4f;}.fusion-button.button-1 {border-width:0px;border-color:#2b3b4f;}.fusion-button.button-1 .fusion-button-icon-divider{border-color:#2b3b4f;}.fusion-button.button-1:hover .fusion-button-text, .fusion-button.button-1:hover i,.fusion-button.button-1:focus .fusion-button-text, .fusion-button.button-1:focus i,.fusion-button.button-1:active .fusion-button-text, .fusion-button.button-1:active{color:#2b3b4f;}.fusion-button.button-1:hover, .fusion-button.button-1:focus, .fusion-button.button-1:active{border-width:0px;border-color:#2b3b4f;}.fusion-button.button-1:hover .fusion-button-icon-divider, .fusion-button.button-1:hover .fusion-button-icon-divider, .fusion-button.button-1:active .fusion-button-icon-divider{border-color:#2b3b4f;}.fusion-button.button-1{background: #e2c280;}.fusion-button.button-1:hover,.button-1:focus,.fusion-button.button-1:active{background: rgba(226,194,128,0.5);}.fusion-button.button-1 .fusion-button-text {text-transform:uppercase;}.fusion-button.button-1{width:auto;}<\/style><a class=\"fusion-button button-flat fusion-button-pill button-large button-custom button-1\" target=\"_self\" href=\"https:\/\/nyirilaw.hu\/szakteruletek\/ugyvedi-tevekenyseg\/\"><span class=\"fusion-button-text\">\u00dcgyv\u00e9di tev\u00e9kenys\u00e9g<\/span><\/a><\/div><div class=\"fusion-button-wrapper fusion-alignleft\"><style type=\"text\/css\" scoped=\"scoped\">.fusion-button.button-2 .fusion-button-text, .fusion-button.button-2 i {color:#2b3b4f;}.fusion-button.button-2 {border-width:0px;border-color:#2b3b4f;}.fusion-button.button-2 .fusion-button-icon-divider{border-color:#2b3b4f;}.fusion-button.button-2:hover .fusion-button-text, .fusion-button.button-2:hover i,.fusion-button.button-2:focus .fusion-button-text, .fusion-button.button-2:focus i,.fusion-button.button-2:active .fusion-button-text, .fusion-button.button-2:active{color:#2b3b4f;}.fusion-button.button-2:hover, .fusion-button.button-2:focus, .fusion-button.button-2:active{border-width:0px;border-color:#2b3b4f;}.fusion-button.button-2:hover .fusion-button-icon-divider, .fusion-button.button-2:hover .fusion-button-icon-divider, .fusion-button.button-2:active .fusion-button-icon-divider{border-color:#2b3b4f;}.fusion-button.button-2{background: #e2c280;}.fusion-button.button-2:hover,.button-2:focus,.fusion-button.button-2:active{background: rgba(226,194,128,0.5);}.fusion-button.button-2 .fusion-button-text {text-transform:uppercase;}.fusion-button.button-2{width:auto;}<\/style><a class=\"fusion-button button-flat fusion-button-pill button-large button-custom button-2\" target=\"_self\" href=\"https:\/\/nyirilaw.hu\/it\/consulenza-fiscale\/\"><span class=\"fusion-button-text\">Consulenza fiscale<\/span><\/a><\/div><\/div><\/div><\/div><div class=\"fusion-clearfix\"><\/div>\n\n\t\t\t\t\t<\/div>\n\t\t\t\t<\/div><\/div><\/div>\n","protected":false},"excerpt":{"rendered":"","protected":false},"author":1,"featured_media":0,"parent":2583,"menu_order":0,"comment_status":"closed","ping_status":"closed","template":"100-width.php","meta":{"footnotes":""},"_links":{"self":[{"href":"https:\/\/nyirilaw.hu\/it\/wp-json\/wp\/v2\/pages\/2553"}],"collection":[{"href":"https:\/\/nyirilaw.hu\/it\/wp-json\/wp\/v2\/pages"}],"about":[{"href":"https:\/\/nyirilaw.hu\/it\/wp-json\/wp\/v2\/types\/page"}],"author":[{"embeddable":true,"href":"https:\/\/nyirilaw.hu\/it\/wp-json\/wp\/v2\/users\/1"}],"replies":[{"embeddable":true,"href":"https:\/\/nyirilaw.hu\/it\/wp-json\/wp\/v2\/comments?post=2553"}],"version-history":[{"count":4,"href":"https:\/\/nyirilaw.hu\/it\/wp-json\/wp\/v2\/pages\/2553\/revisions"}],"predecessor-version":[{"id":2576,"href":"https:\/\/nyirilaw.hu\/it\/wp-json\/wp\/v2\/pages\/2553\/revisions\/2576"}],"up":[{"embeddable":true,"href":"https:\/\/nyirilaw.hu\/it\/wp-json\/wp\/v2\/pages\/2583"}],"wp:attachment":[{"href":"https:\/\/nyirilaw.hu\/it\/wp-json\/wp\/v2\/media?parent=2553"}],"curies":[{"name":"wp","href":"https:\/\/api.w.org\/{rel}","templated":true}]}}