{"id":2583,"date":"2015-02-20T20:12:25","date_gmt":"2015-02-20T20:12:25","guid":{"rendered":"https:\/\/nyirilaw.hu\/szakteruletek\/"},"modified":"2024-01-18T15:06:45","modified_gmt":"2024-01-18T15:06:45","slug":"aree-di-competenza","status":"publish","type":"page","link":"https:\/\/nyirilaw.hu\/it\/aree-di-competenza\/","title":{"rendered":"Aree di competenza"},"content":{"rendered":"<div class=\"fusion-fullwidth fullwidth-box hundred-percent-fullwidth non-hundred-percent-height-scrolling\"  style='background-color: rgba(255,255,255,0);background-position: left center;background-repeat: no-repeat;'><div class=\"fusion-builder-row fusion-row \"><div  class=\"fusion-layout-column fusion_builder_column fusion_builder_column_1_3  fusion-one-third fusion-column-first 1_3\"  style='margin-top:0px;margin-bottom:20px;width:33.33%;width:calc(33.33% - ( ( 4% ) * 0.3333 ) );margin-right: 4%;'>\n\t\t\t\t\t<div class=\"fusion-column-wrapper\" style=\"padding: 0px 0px 0px 0px;background-position:left top;background-repeat:no-repeat;-webkit-background-size:cover;-moz-background-size:cover;-o-background-size:cover;background-size:cover;\"  data-bg-url=\"\">\n\t\t\t\t\t\t<div class=\"fusion-clearfix\"><\/div>\n\n\t\t\t\t\t<\/div>\n\t\t\t\t<\/div><div  class=\"fusion-layout-column fusion_builder_column fusion_builder_column_2_3  fusion-two-third fusion-column-last fusion-blend-mode 2_3\"  style='margin-top:0px;margin-bottom:0px;width:66.66%;width:calc(66.66% - ( ( 4% ) * 0.6666 ) );'>\n\t\t\t\t\t<div class=\"fusion-column-wrapper\" style=\"background-color:rgba(43,59,79,0.9);padding: 3rem 3rem 3rem 3rem;background-position:left top;background-repeat:no-repeat;-webkit-background-size:cover;-moz-background-size:cover;-o-background-size:cover;background-size:cover;\"  data-bg-url=\"\">\n\t\t\t\t\t\t<div class=\"fusion-title title fusion-sep-none fusion-title-size-two\" style=\"margin-top:0px;margin-bottom:0px;\"><h2 class=\"title-heading-left\">Attivit\u00e0 legale<\/h2><\/div><div class=\"fusion-sep-clear\"><\/div><div class=\"fusion-separator sep-single sep-solid\" style=\"border-color:#e2c280;border-top-width:3px;margin-top:1rem;margin-bottom:1rem;width:100%;max-width:10%;\"><\/div><div class=\"fusion-text\"><p><span style=\"font-weight: 400;\">Irod\u00e1nk szaktud\u00e1sa \u00e9s szakmai tapasztalata a gazdas\u00e1gi jog szinte minden ter\u00fclet\u00e9re kiterjed. Ez\u00e1ltal \u00fcgyfeleink r\u00e9sz\u00e9re komplex jogi tan\u00e1csot adunk, figyelembe v\u00e9ve \u00fcgyfeleink \u00fczleti-strat\u00e9giai c\u00e9ljait. <\/span><\/p>\n<p><span style=\"font-weight: 400;\">\u00dcgyv\u00e9di irod\u00e1nk az al\u00e1bbi kiemelt szakter\u00fcleteken rendelkezik jelent\u0151s szak\u00e9rtelemmel \u00e9s tapasztalattal.<\/span><\/p>\n<\/div><div class=\"fusion-button-wrapper\"><style type=\"text\/css\" scoped=\"scoped\">.fusion-button.button-1 .fusion-button-text, .fusion-button.button-1 i {color:#2b3b4f;}.fusion-button.button-1 {border-width:0px;border-color:#2b3b4f;}.fusion-button.button-1 .fusion-button-icon-divider{border-color:#2b3b4f;}.fusion-button.button-1:hover .fusion-button-text, .fusion-button.button-1:hover i,.fusion-button.button-1:focus .fusion-button-text, .fusion-button.button-1:focus i,.fusion-button.button-1:active .fusion-button-text, .fusion-button.button-1:active{color:#2b3b4f;}.fusion-button.button-1:hover, .fusion-button.button-1:focus, .fusion-button.button-1:active{border-width:0px;border-color:#2b3b4f;}.fusion-button.button-1:hover .fusion-button-icon-divider, .fusion-button.button-1:hover .fusion-button-icon-divider, .fusion-button.button-1:active .fusion-button-icon-divider{border-color:#2b3b4f;}.fusion-button.button-1{background: #e2c280;}.fusion-button.button-1:hover,.button-1:focus,.fusion-button.button-1:active{background: rgba(226,194,128,0.5);}.fusion-button.button-1 .fusion-button-text {text-transform:uppercase;}.fusion-button.button-1{width:auto;}<\/style><a class=\"fusion-button button-flat fusion-button-pill button-large button-custom button-1\" target=\"_self\" href=\"https:\/\/nyirilaw.hu\/it\/aree-di-competenza\/attivita-legale\/\"><span class=\"fusion-button-text\">Per saperne di pi\u00f9<\/span><\/a><\/div><div class=\"fusion-sep-clear\"><\/div><div class=\"fusion-separator fusion-full-width-sep sep-single sep-solid\" style=\"border-color:#333333;border-top-width:1px;margin-top:3rem;margin-bottom:3rem;width:100%;max-width:100%;\"><\/div><div class=\"fusion-title title fusion-sep-none fusion-title-size-two\" style=\"margin-top:0px;margin-bottom:0px;\"><h2 class=\"title-heading-left\">Appalti pubblici<\/h2><\/div><div class=\"fusion-sep-clear\"><\/div><div class=\"fusion-separator sep-single sep-solid\" style=\"border-color:#e2c280;border-top-width:3px;margin-top:1rem;margin-bottom:1rem;width:100%;max-width:10%;\"><\/div><div class=\"fusion-text\"><p>Il diritto degli appalti pubblici \u00e8 una delle principali specializzazioni dello <a href=\"\/\/nyirilaw.hu\/it\">Studio legale Nyiri<\/a>, e le sue attivit\u00e0 comprendono l&#8217;intera gamma delle procedure di appalto pubblico.<\/p>\n<\/div><div class=\"fusion-button-wrapper\"><style type=\"text\/css\" scoped=\"scoped\">.fusion-button.button-2 .fusion-button-text, .fusion-button.button-2 i {color:#2b3b4f;}.fusion-button.button-2 {border-width:0px;border-color:#2b3b4f;}.fusion-button.button-2 .fusion-button-icon-divider{border-color:#2b3b4f;}.fusion-button.button-2:hover .fusion-button-text, .fusion-button.button-2:hover i,.fusion-button.button-2:focus .fusion-button-text, .fusion-button.button-2:focus i,.fusion-button.button-2:active .fusion-button-text, .fusion-button.button-2:active{color:#2b3b4f;}.fusion-button.button-2:hover, .fusion-button.button-2:focus, .fusion-button.button-2:active{border-width:0px;border-color:#2b3b4f;}.fusion-button.button-2:hover .fusion-button-icon-divider, .fusion-button.button-2:hover .fusion-button-icon-divider, .fusion-button.button-2:active .fusion-button-icon-divider{border-color:#2b3b4f;}.fusion-button.button-2{background: #e2c280;}.fusion-button.button-2:hover,.button-2:focus,.fusion-button.button-2:active{background: rgba(226,194,128,0.5);}.fusion-button.button-2 .fusion-button-text {text-transform:uppercase;}.fusion-button.button-2{width:auto;}<\/style><a class=\"fusion-button button-flat fusion-button-pill button-large button-custom button-2\" target=\"_self\" href=\"https:\/\/nyirilaw.hu\/it\/aree-di-competenza\/appalti-pubblici\/\"><span class=\"fusion-button-text\">Per saperne di pi\u00f9<\/span><\/a><\/div><div class=\"fusion-sep-clear\"><\/div><div class=\"fusion-separator fusion-full-width-sep sep-single sep-solid\" style=\"border-color:#333333;border-top-width:1px;margin-top:3rem;margin-bottom:3rem;width:100%;max-width:100%;\"><\/div><div class=\"fusion-title title fusion-sep-none fusion-title-size-two\" style=\"margin-top:0px;margin-bottom:0px;\"><h2 class=\"title-heading-left\">Consulenza fiscale<\/h2><\/div><div class=\"fusion-sep-clear\"><\/div><div class=\"fusion-separator sep-single sep-solid\" style=\"border-color:#e2c280;border-top-width:3px;margin-top:1rem;margin-bottom:1rem;width:100%;max-width:10%;\"><\/div><div class=\"fusion-text\"><p>Possiamo rappresentarvi nelle verifiche fiscali, in altri procedimenti amministrativi e nelle controversie fiscali.<\/p>\n<\/div><div class=\"fusion-button-wrapper\"><style type=\"text\/css\" scoped=\"scoped\">.fusion-button.button-3 .fusion-button-text, .fusion-button.button-3 i {color:#2b3b4f;}.fusion-button.button-3 {border-width:0px;border-color:#2b3b4f;}.fusion-button.button-3 .fusion-button-icon-divider{border-color:#2b3b4f;}.fusion-button.button-3:hover .fusion-button-text, .fusion-button.button-3:hover i,.fusion-button.button-3:focus .fusion-button-text, .fusion-button.button-3:focus i,.fusion-button.button-3:active .fusion-button-text, .fusion-button.button-3:active{color:#2b3b4f;}.fusion-button.button-3:hover, .fusion-button.button-3:focus, .fusion-button.button-3:active{border-width:0px;border-color:#2b3b4f;}.fusion-button.button-3:hover .fusion-button-icon-divider, .fusion-button.button-3:hover .fusion-button-icon-divider, .fusion-button.button-3:active .fusion-button-icon-divider{border-color:#2b3b4f;}.fusion-button.button-3{background: #e2c280;}.fusion-button.button-3:hover,.button-3:focus,.fusion-button.button-3:active{background: rgba(226,194,128,0.5);}.fusion-button.button-3 .fusion-button-text {text-transform:uppercase;}.fusion-button.button-3{width:auto;}<\/style><a class=\"fusion-button button-flat fusion-button-pill button-large button-custom button-3\" target=\"_self\" href=\"https:\/\/nyirilaw.hu\/it\/aree-di-competenza\/consulenza-fiscale\/\"><span class=\"fusion-button-text\">Per saperne di pi\u00f9<\/span><\/a><\/div><div class=\"fusion-clearfix\"><\/div>\n\n\t\t\t\t\t<\/div>\n\t\t\t\t<\/div><\/div><\/div>\n","protected":false},"excerpt":{"rendered":"","protected":false},"author":1,"featured_media":0,"parent":0,"menu_order":0,"comment_status":"open","ping_status":"closed","template":"100-width.php","meta":{"footnotes":""},"_links":{"self":[{"href":"https:\/\/nyirilaw.hu\/it\/wp-json\/wp\/v2\/pages\/2583"}],"collection":[{"href":"https:\/\/nyirilaw.hu\/it\/wp-json\/wp\/v2\/pages"}],"about":[{"href":"https:\/\/nyirilaw.hu\/it\/wp-json\/wp\/v2\/types\/page"}],"author":[{"embeddable":true,"href":"https:\/\/nyirilaw.hu\/it\/wp-json\/wp\/v2\/users\/1"}],"replies":[{"embeddable":true,"href":"https:\/\/nyirilaw.hu\/it\/wp-json\/wp\/v2\/comments?post=2583"}],"version-history":[{"count":4,"href":"https:\/\/nyirilaw.hu\/it\/wp-json\/wp\/v2\/pages\/2583\/revisions"}],"predecessor-version":[{"id":2600,"href":"https:\/\/nyirilaw.hu\/it\/wp-json\/wp\/v2\/pages\/2583\/revisions\/2600"}],"wp:attachment":[{"href":"https:\/\/nyirilaw.hu\/it\/wp-json\/wp\/v2\/media?parent=2583"}],"curies":[{"name":"wp","href":"https:\/\/api.w.org\/{rel}","templated":true}]}}